{"id":62858,"date":"2025-04-15T22:10:54","date_gmt":"2025-04-15T22:10:54","guid":{"rendered":"https:\/\/pros.com\/b2b\/\/?page_id=62858"},"modified":"2025-08-21T08:40:27","modified_gmt":"2025-08-21T08:40:27","slug":"forrester-wave-2025","status":"publish","type":"page","link":"https:\/\/pros.com\/b2b\/de\/forrester-wave-2025\/","title":{"rendered":"Die Forrester Wave\u2122 CPQ-L\u00f6sungen"},"content":{"rendered":"<div data-elementor-type=\"wp-page\" data-elementor-id=\"62858\" class=\"elementor elementor-62858\" data-elementor-post-type=\"page\">\n\t\t\t\t<div class=\"elementor-element elementor-element-408c4ce e-flex e-con-boxed e-con e-parent\" data-id=\"408c4ce\" data-element_type=\"container\" data-e-type=\"container\">\n\t\t\t\t\t<div class=\"e-con-inner\">\n\t\t<div class=\"elementor-element elementor-element-d6f0e93 e-con-full e-flex e-con e-child\" data-id=\"d6f0e93\" data-element_type=\"container\" data-e-type=\"container\">\n\t\t<div class=\"elementor-element elementor-element-40385cb e-con-full e-flex e-con e-child\" data-id=\"40385cb\" data-element_type=\"container\" data-e-type=\"container\">\n\t\t\t\t<div class=\"elementor-element elementor-element-f6821ec elementor-widget elementor-widget-heading\" data-id=\"f6821ec\" data-element_type=\"widget\" data-e-type=\"widget\" data-widget_type=\"heading.default\">\n\t\t\t\t\t<h1 class=\"elementor-heading-title elementor-size-default\">PROS wird in der Forrester Wave\u2122 als f\u00fchrend eingestuft: CPQ-L\u00f6sungen | Q1 2025<\/h1>\t\t\t\t<\/div>\n\t\t<div class=\"elementor-element elementor-element-dba98ad e-con-full e-flex e-con e-child\" data-id=\"dba98ad\" data-element_type=\"container\" data-e-type=\"container\" data-settings=\"{&quot;background_background&quot;:&quot;classic&quot;}\">\n\t\t\t\t<div class=\"elementor-element elementor-element-6da56f9 elementor-widget elementor-widget-image\" data-id=\"6da56f9\" data-element_type=\"widget\" data-e-type=\"widget\" data-widget_type=\"image.default\">\n\t\t\t\t\t\t\t\t\t\t\t\t\t\t\t<img fetchpriority=\"high\" decoding=\"async\" width=\"799\" height=\"1024\" src=\"https:\/\/pros.com\/b2b\/wp-content\/uploads\/2025\/04\/Image_Configure-Price-Quote-Solutions-Q1-2025-1-799x1024.png\" class=\"attachment-large size-large wp-image-62860\" alt=\"\" srcset=\"https:\/\/pros.com\/b2b\/wp-content\/uploads\/2025\/04\/Image_Configure-Price-Quote-Solutions-Q1-2025-1-799x1024.png 799w, https:\/\/pros.com\/b2b\/wp-content\/uploads\/2025\/04\/Image_Configure-Price-Quote-Solutions-Q1-2025-1-234x300.png 234w, https:\/\/pros.com\/b2b\/wp-content\/uploads\/2025\/04\/Image_Configure-Price-Quote-Solutions-Q1-2025-1-768x984.png 768w, https:\/\/pros.com\/b2b\/wp-content\/uploads\/2025\/04\/Image_Configure-Price-Quote-Solutions-Q1-2025-1-1199x1536.png 1199w, https:\/\/pros.com\/b2b\/wp-content\/uploads\/2025\/04\/Image_Configure-Price-Quote-Solutions-Q1-2025-1.png 1240w\" sizes=\"(max-width: 799px) 100vw, 799px\" \/>\t\t\t\t\t\t\t\t\t\t\t\t\t\t\t<\/div>\n\t\t\t\t<\/div>\n\t\t\t\t<\/div>\n\t\t<div class=\"elementor-element elementor-element-aaa32ac e-con-full e-flex e-con e-child\" data-id=\"aaa32ac\" data-element_type=\"container\" data-e-type=\"container\">\n\t\t\t\t<div class=\"elementor-element elementor-element-93492e5 elementor-widget elementor-widget-heading\" data-id=\"93492e5\" data-element_type=\"widget\" data-e-type=\"widget\" data-widget_type=\"heading.default\">\n\t\t\t\t\t<h2 class=\"elementor-heading-title elementor-size-default\">Wir freuen uns, Ihnen diese aufregende Nachricht mitzuteilen: PROS wurde in The Forrester Wave\u2122 als Leader eingestuft: Configure, Price, Quote Solutions, Q1 2025.<\/h2>\t\t\t\t<\/div>\n\t\t<div class=\"elementor-element elementor-element-ed1271a e-con-full e-flex e-con e-child\" data-id=\"ed1271a\" data-element_type=\"container\" data-e-type=\"container\" data-settings=\"{&quot;background_background&quot;:&quot;classic&quot;}\">\n\t\t\t\t<div class=\"elementor-element elementor-element-4ee37a2 jump-list-content elementor-widget elementor-widget-text-editor\" data-id=\"4ee37a2\" data-element_type=\"widget\" data-e-type=\"widget\" data-widget_type=\"text-editor.default\">\n\t\t\t\t\t\t\t\t\t<p>Wir sind davon \u00fcberzeugt, dass diese Anerkennung unser unerm\u00fcdliches Engagement f\u00fcr Innovation und herausragende CPQ-L\u00f6sungen unterstreicht und unser Bestreben unterstreicht, erstklassige L\u00f6sungen zu liefern, die den sich wandelnden Anforderungen unserer Kunden gerecht werden.<\/p>\t\t\t\t\t\t\t\t<\/div>\n\t\t\t\t<\/div>\n\t\t\t\t<div class=\"elementor-element elementor-element-d3f6ba1 jump-list-content elementor-widget elementor-widget-text-editor\" data-id=\"d3f6ba1\" data-element_type=\"widget\" data-e-type=\"widget\" data-widget_type=\"text-editor.default\">\n\t\t\t\t\t\t\t\t\t<h3>Warum sich PROS f\u00fcr uns auszeichnet<\/h3>\n<div>\n<ul>\n \t<li><strong>KI-Innovation:<\/strong>Unsere hochmoderne KI-Technologie erm\u00f6glicht intelligentere, schnellere und genauere Konfigurationen.<\/li>\n \t<li><strong>Partner-Strategie:<\/strong>Wir haben ein robustes Partner-\u00d6kosystem aufgebaut, das die M\u00f6glichkeiten unserer L\u00f6sung erweitert.<\/li>\n \t<li><strong>Leistungsstarke Konfigurationsmaschine:<\/strong>Unsere Konfigurations-Engine ist darauf ausgelegt, komplexe Szenarien mit Leichtigkeit zu bew\u00e4ltigen.<\/li>\n<\/ul>\nDiese Anerkennung unterstreicht unserer Meinung nach die zentrale Rolle von PROS Smart CPQ in der digitalen Wirtschaft. Wir sehen darin einen Beweis f\u00fcr das Vertrauen der Analysten in unsere F\u00e4higkeit, Unternehmen dabei zu unterst\u00fctzen, jede Verkaufsinteraktion und -transaktion \u00fcber alle Kan\u00e4le hinweg zu optimieren, das Wachstum zu beschleunigen und den Gewinn zu maximieren.\n\n<\/div>\t\t\t\t\t\t\t\t<\/div>\n\t\t\t\t<div class=\"elementor-element elementor-element-448d4a8 elementor-widget elementor-widget-text-editor translation-block\" data-id=\"448d4a8\" data-element_type=\"widget\" data-e-type=\"widget\" data-widget_type=\"text-editor.default\">Dar\u00fcber hinaus wird <strong>PROS jetzt als Leader in den wichtigsten CPQ-Analystenbewertungen<\/strong> eingestuft, darunter der Gartner Magic Quadrant, Forrester Wave\u2122, IDC MarketScape, Nucleus Value Matrix und Frost Radar-<strong>wir freuen uns sehr \u00fcber diese bemerkenswerte Anerkennung!<\/strong><\/div>\n\t\t\t\t<div class=\"elementor-element elementor-element-9de6f01 btn-blue elementor-widget elementor-widget-button\" data-id=\"9de6f01\" data-element_type=\"widget\" data-e-type=\"widget\" data-widget_type=\"button.default\">\n\t\t\t\t\t\t\t\t\t\t<a class=\"elementor-button elementor-size-sm\" role=\"button\" id=\"popup-desc-show\">\n\t\t\t\t\t\t<span class=\"elementor-button-content-wrapper\">\n\t\t\t\t\t\t\t\t\t<span class=\"elementor-button-text\">Vollst\u00e4ndigen Bericht lesen<\/span>\n\t\t\t\t\t<\/span>\n\t\t\t\t\t<\/a>\n\t\t\t\t\t\t\t\t<\/div>\n\t\t\t\t<div class=\"elementor-element elementor-element-ce7d77d elementor-widget elementor-widget-text-editor\" data-id=\"ce7d77d\" data-element_type=\"widget\" data-e-type=\"widget\" data-widget_type=\"text-editor.default\">\n\t\t\t\t\t\t\t\t\tForrester unterst\u00fctzt keine Unternehmen, Produkte, Marken oder Dienstleistungen, die in seinen Forschungspublikationen enthalten sind, und r\u00e4t niemandem, die Produkte oder Dienstleistungen eines Unternehmens oder einer Marke auf der Grundlage der in solchen Publikationen enthaltenen Bewertungen auszuw\u00e4hlen. Die Informationen beruhen auf den besten verf\u00fcgbaren Quellen. Die Meinungen spiegeln die Einsch\u00e4tzung zum jeweiligen Zeitpunkt wider und k\u00f6nnen sich \u00e4ndern. Weitere Informationen \u00fcber die Objektivit\u00e4t von Forrester finden Sie unter <a href=\"https:\/\/www.forrester.com\/about-us\/objectivity\/\" target=\"_blank\" rel=\"noopener\" style=\"font-size: 11px; text-decoration: underline;\">hier<\/a>.\t\t\t\t\t\t\t\t<\/div>\n\t\t\t\t<\/div>\n\t\t\t\t<\/div>\n\t\t\t\t\t<\/div>\n\t\t\t\t<\/div>\n\t\t<div class=\"elementor-element elementor-element-54957695 e-con-full e-flex e-con e-parent\" data-id=\"54957695\" data-element_type=\"container\" data-e-type=\"container\" id=\"popup-desc\">\n\t\t<div class=\"elementor-element elementor-element-4d8040df scroll-mobile e-flex e-con-boxed e-con e-child\" data-id=\"4d8040df\" data-element_type=\"container\" data-e-type=\"container\">\n\t\t\t\t\t<div class=\"e-con-inner\">\n\t\t\t\t<div class=\"elementor-element elementor-element-f6a70c elementor-widget elementor-widget-text-editor\" data-id=\"f6a70c\" data-element_type=\"widget\" data-e-type=\"widget\" id=\"popup-desc-close\" data-widget_type=\"text-editor.default\">\n\t\t\t\t\t\t\t\t\t<p>X<\/p>\t\t\t\t\t\t\t\t<\/div>\n\t\t\t\t<div class=\"elementor-element elementor-element-703faffd elementor-widget elementor-widget-heading\" data-id=\"703faffd\" data-element_type=\"widget\" data-e-type=\"widget\" data-widget_type=\"heading.default\">\n\t\t\t\t\t<h2 class=\"elementor-heading-title elementor-size-default\">F\u00fcllen Sie Ihre Informationen aus, um<br> Lesen Sie den Bericht<\/h2>\t\t\t\t<\/div>\n\t\t\t\t<div class=\"elementor-element elementor-element-b5914eb elementor-widget elementor-widget-html\" data-id=\"b5914eb\" data-element_type=\"widget\" data-e-type=\"widget\" data-widget_type=\"html.default\">\n\t\t\t\t\t<script src=\"\/\/info.pros.com\/js\/forms2\/js\/forms2.min.js\"><\/script> <form id=\"mktoForm_3364\" action=\"\"><input type=\"hidden\" name=\"trp-form-language\" value=\"de\"\/><\/form> \n<script>\n    MktoForms2.loadForm(\"\/\/info.pros.com\", \"195-ZTW-739\", 3364);\n    MktoForms2.whenReady(function(form) {\n\nform.onSuccess(function(values, followUpUrl) {\n            \n        dataLayer.push( {\n          'event': 'marketo.success',\n          'marketo.form_id': form.getId()\n        });\n \n    });\n\n});\n<\/script>\t\t\t\t<\/div>\n\t\t\t\t<div class=\"elementor-element elementor-element-5ed2fb03 elementor-widget elementor-widget-html\" data-id=\"5ed2fb03\" data-element_type=\"widget\" data-e-type=\"widget\" data-widget_type=\"html.default\">\n\t\t\t\t\t\r\n\r\n<script>\r\ndocument.addEventListener('DOMContentLoaded', function() {\r\n    document.getElementById('popup-desc-show').addEventListener('click', function() {\r\n        document.getElementById('popup-desc').style.display = 'block';\r\n    });\r\n    \r\n    document.getElementById('popup-desc-close').addEventListener('click', function() {\r\n        document.getElementById('popup-desc').style.display = 'none';\r\n    });\r\n});\r\n<\/script>\r\n\t\t\t\t<\/div>\n\t\t\t\t\t<\/div>\n\t\t\t\t<\/div>\n\t\t\t\t<div class=\"elementor-element elementor-element-435c430b elementor-widget elementor-widget-html\" data-id=\"435c430b\" data-element_type=\"widget\" data-e-type=\"widget\" data-widget_type=\"html.default\">\n\t\t\t\t\t<script>\ndocument.addEventListener('DOMContentLoaded', function () {\n    const queryString = window.location.search;\n\n    if (queryString) {\n        const containers = document.querySelectorAll('.pass-utm');\n\n        containers.forEach(function (container) {\n            const link = container.querySelector('a.elementor-button-link');\n\n            if (link) {\n                const currentHref = link.getAttribute('href');\n\n                if (currentHref) {\n                    const newHref = currentHref.includes('?') \n                        ? currentHref + '&' + queryString.slice(1)\n                        : currentHref + queryString;\n                    link.setAttribute('href', newHref);\n                }\n            }\n        });\n    }\n});\n\n\n<\/script>\t\t\t\t<\/div>\n\t\t\t\t<\/div>\n\t\t\t\t<\/div>","protected":false},"excerpt":{"rendered":"<p>PROS named a Leader in The Forrester Wave\u2122: CPQ Solutions | Q1 2025\u200b We are thrilled to share this exciting news: PROS has been named a Leader in The Forrester Wave\u2122: Configure, Price, Quote Solutions, Q1 2025. We believe this recognition highlights our unwavering commitment to innovation and excellence in CPQ solutions and our dedication [&hellip;]<\/p>\n","protected":false},"author":8,"featured_media":0,"parent":0,"menu_order":0,"comment_status":"closed","ping_status":"closed","template":"elementor_header_footer","meta":{"_acf_changed":false,"inline_featured_image":false,"footnotes":""},"class_list":["post-62858","page","type-page","status-publish","hentry"],"acf":[],"yoast_head":"<!-- This site is optimized with the Yoast SEO Premium plugin v26.7 (Yoast SEO v27.4) - https:\/\/yoast.com\/product\/yoast-seo-premium-wordpress\/ -->\n<title>The Forrester Wave\u2122 CPQ Solutions | PROS B2B<\/title>\n<meta name=\"description\" content=\"PROS is named a Leader in The Forrester Wave\u2122 CPQ Solutions 2025\u2014recognized for AI innovation, powerful configuration, and driving customer success.\" \/>\n<meta name=\"robots\" content=\"index, follow, max-snippet:-1, max-image-preview:large, max-video-preview:-1\" \/>\n<link rel=\"canonical\" href=\"https:\/\/pros.com\/b2b\/de\/forrester-wave-2025\/\" \/>\n<meta property=\"og:locale\" content=\"de_DE\" \/>\n<meta property=\"og:type\" content=\"article\" \/>\n<meta property=\"og:title\" content=\"The Forrester Wave\u2122 CPQ Solutions\" \/>\n<meta property=\"og:description\" content=\"PROS is named a Leader in The Forrester Wave\u2122 CPQ Solutions 2025\u2014recognized for AI innovation, powerful configuration, and driving customer success.\" \/>\n<meta property=\"og:url\" content=\"https:\/\/pros.com\/b2b\/de\/forrester-wave-2025\/\" \/>\n<meta property=\"og:site_name\" content=\"PROS B2B\" \/>\n<meta property=\"article:publisher\" content=\"https:\/\/www.facebook.com\/PROSInc\" \/>\n<meta property=\"article:modified_time\" content=\"2025-08-21T08:40:27+00:00\" \/>\n<meta property=\"og:image\" content=\"https:\/\/pros.com\/b2b\/\/wp-content\/uploads\/2025\/04\/Image_Configure-Price-Quote-Solutions-Q1-2025-1-799x1024.png\" \/>\n<meta name=\"twitter:card\" content=\"summary_large_image\" \/>\n<meta name=\"twitter:site\" content=\"@PROS_Inc\" \/>\n<script type=\"application\/ld+json\" class=\"yoast-schema-graph\">{\"@context\":\"https:\\\/\\\/schema.org\",\"@graph\":[{\"@type\":\"WebPage\",\"@id\":\"https:\\\/\\\/pros.com\\\/b2b\\\/forrester-wave-2025\\\/\",\"url\":\"https:\\\/\\\/pros.com\\\/b2b\\\/forrester-wave-2025\\\/\",\"name\":\"The Forrester Wave\u2122 CPQ Solutions | PROS B2B\",\"isPartOf\":{\"@id\":\"https:\\\/\\\/pros.com\\\/b2b\\\/#website\"},\"primaryImageOfPage\":{\"@id\":\"https:\\\/\\\/pros.com\\\/b2b\\\/forrester-wave-2025\\\/#primaryimage\"},\"image\":{\"@id\":\"https:\\\/\\\/pros.com\\\/b2b\\\/forrester-wave-2025\\\/#primaryimage\"},\"thumbnailUrl\":\"https:\\\/\\\/pros.com\\\/b2b\\\/\\\/wp-content\\\/uploads\\\/2025\\\/04\\\/Image_Configure-Price-Quote-Solutions-Q1-2025-1-799x1024.png\",\"datePublished\":\"2025-04-15T22:10:54+00:00\",\"dateModified\":\"2025-08-21T08:40:27+00:00\",\"description\":\"PROS is named a Leader in The Forrester Wave\u2122 CPQ Solutions 2025\u2014recognized for AI innovation, powerful configuration, and driving customer success.\",\"breadcrumb\":{\"@id\":\"https:\\\/\\\/pros.com\\\/b2b\\\/forrester-wave-2025\\\/#breadcrumb\"},\"inLanguage\":\"de\",\"potentialAction\":[{\"@type\":\"ReadAction\",\"target\":[\"https:\\\/\\\/pros.com\\\/b2b\\\/forrester-wave-2025\\\/\"]}]},{\"@type\":\"ImageObject\",\"inLanguage\":\"de\",\"@id\":\"https:\\\/\\\/pros.com\\\/b2b\\\/forrester-wave-2025\\\/#primaryimage\",\"url\":\"https:\\\/\\\/pros.com\\\/b2b\\\/\\\/wp-content\\\/uploads\\\/2025\\\/04\\\/Image_Configure-Price-Quote-Solutions-Q1-2025-1-799x1024.png\",\"contentUrl\":\"https:\\\/\\\/pros.com\\\/b2b\\\/\\\/wp-content\\\/uploads\\\/2025\\\/04\\\/Image_Configure-Price-Quote-Solutions-Q1-2025-1-799x1024.png\"},{\"@type\":\"BreadcrumbList\",\"@id\":\"https:\\\/\\\/pros.com\\\/b2b\\\/forrester-wave-2025\\\/#breadcrumb\",\"itemListElement\":[{\"@type\":\"ListItem\",\"position\":1,\"name\":\"Home\",\"item\":\"https:\\\/\\\/pros.com\\\/b2b\\\/\"},{\"@type\":\"ListItem\",\"position\":2,\"name\":\"The Forrester Wave\u2122 CPQ Solutions\"}]},{\"@type\":\"WebSite\",\"@id\":\"https:\\\/\\\/pros.com\\\/b2b\\\/#website\",\"url\":\"https:\\\/\\\/pros.com\\\/b2b\\\/\",\"name\":\"PROS\",\"description\":\"AI-Powered CPQ, Dynamic Pricing, &amp; Revenue Software\",\"publisher\":{\"@id\":\"https:\\\/\\\/pros.com\\\/b2b\\\/#organization\"},\"potentialAction\":[{\"@type\":\"SearchAction\",\"target\":{\"@type\":\"EntryPoint\",\"urlTemplate\":\"https:\\\/\\\/pros.com\\\/b2b\\\/?s={search_term_string}\"},\"query-input\":{\"@type\":\"PropertyValueSpecification\",\"valueRequired\":true,\"valueName\":\"search_term_string\"}}],\"inLanguage\":\"de\"},{\"@type\":\"Organization\",\"@id\":\"https:\\\/\\\/pros.com\\\/b2b\\\/#organization\",\"name\":\"PROS, Inc.\",\"url\":\"https:\\\/\\\/pros.com\\\/b2b\\\/\",\"logo\":{\"@type\":\"ImageObject\",\"inLanguage\":\"de\",\"@id\":\"https:\\\/\\\/pros.com\\\/b2b\\\/#\\\/schema\\\/logo\\\/image\\\/\",\"url\":\"https:\\\/\\\/pros.com\\\/b2b\\\/\\\/wp-content\\\/uploads\\\/2025\\\/04\\\/Pros-logo-1.png\",\"contentUrl\":\"https:\\\/\\\/pros.com\\\/b2b\\\/\\\/wp-content\\\/uploads\\\/2025\\\/04\\\/Pros-logo-1.png\",\"width\":262,\"height\":75,\"caption\":\"PROS, Inc.\"},\"image\":{\"@id\":\"https:\\\/\\\/pros.com\\\/b2b\\\/#\\\/schema\\\/logo\\\/image\\\/\"},\"sameAs\":[\"https:\\\/\\\/www.facebook.com\\\/PROSInc\",\"https:\\\/\\\/x.com\\\/PROS_Inc\",\"https:\\\/\\\/www.instagram.com\\\/pros.inc\\\/\",\"https:\\\/\\\/www.linkedin.com\\\/company\\\/pros\\\/\",\"https:\\\/\\\/www.youtube.com\\\/user\\\/PROSpricing\"]}]}<\/script>\n<!-- \/ Yoast SEO Premium plugin. -->","yoast_head_json":{"title":"Die Forrester Wave\u2122 CPQ-L\u00f6sungen | PROS B2B","description":"PROS wird in The Forrester Wave\u2122 CPQ Solutions 2025 als Leader bezeichnet - anerkannt f\u00fcr KI-Innovation, leistungsstarke Konfiguration und F\u00f6rderung des Kundenerfolgs.","robots":{"index":"index","follow":"follow","max-snippet":"max-snippet:-1","max-image-preview":"max-image-preview:large","max-video-preview":"max-video-preview:-1"},"canonical":"https:\/\/pros.com\/b2b\/de\/forrester-wave-2025\/","og_locale":"de_DE","og_type":"article","og_title":"The Forrester Wave\u2122 CPQ Solutions","og_description":"PROS is named a Leader in The Forrester Wave\u2122 CPQ Solutions 2025\u2014recognized for AI innovation, powerful configuration, and driving customer success.","og_url":"https:\/\/pros.com\/b2b\/de\/forrester-wave-2025\/","og_site_name":"PROS B2B","article_publisher":"https:\/\/www.facebook.com\/PROSInc","article_modified_time":"2025-08-21T08:40:27+00:00","og_image":[{"url":"https:\/\/pros.com\/b2b\/\/wp-content\/uploads\/2025\/04\/Image_Configure-Price-Quote-Solutions-Q1-2025-1-799x1024.png","type":"","width":"","height":""}],"twitter_card":"summary_large_image","twitter_site":"@PROS_Inc","schema":{"@context":"https:\/\/schema.org","@graph":[{"@type":"WebPage","@id":"https:\/\/pros.com\/b2b\/forrester-wave-2025\/","url":"https:\/\/pros.com\/b2b\/forrester-wave-2025\/","name":"Die Forrester Wave\u2122 CPQ-L\u00f6sungen | PROS B2B","isPartOf":{"@id":"https:\/\/pros.com\/b2b\/#website"},"primaryImageOfPage":{"@id":"https:\/\/pros.com\/b2b\/forrester-wave-2025\/#primaryimage"},"image":{"@id":"https:\/\/pros.com\/b2b\/forrester-wave-2025\/#primaryimage"},"thumbnailUrl":"https:\/\/pros.com\/b2b\/\/wp-content\/uploads\/2025\/04\/Image_Configure-Price-Quote-Solutions-Q1-2025-1-799x1024.png","datePublished":"2025-04-15T22:10:54+00:00","dateModified":"2025-08-21T08:40:27+00:00","description":"PROS wird in The Forrester Wave\u2122 CPQ Solutions 2025 als Leader bezeichnet - anerkannt f\u00fcr KI-Innovation, leistungsstarke Konfiguration und F\u00f6rderung des Kundenerfolgs.","breadcrumb":{"@id":"https:\/\/pros.com\/b2b\/forrester-wave-2025\/#breadcrumb"},"inLanguage":"de","potentialAction":[{"@type":"ReadAction","target":["https:\/\/pros.com\/b2b\/forrester-wave-2025\/"]}]},{"@type":"ImageObject","inLanguage":"de","@id":"https:\/\/pros.com\/b2b\/forrester-wave-2025\/#primaryimage","url":"https:\/\/pros.com\/b2b\/\/wp-content\/uploads\/2025\/04\/Image_Configure-Price-Quote-Solutions-Q1-2025-1-799x1024.png","contentUrl":"https:\/\/pros.com\/b2b\/\/wp-content\/uploads\/2025\/04\/Image_Configure-Price-Quote-Solutions-Q1-2025-1-799x1024.png"},{"@type":"BreadcrumbList","@id":"https:\/\/pros.com\/b2b\/forrester-wave-2025\/#breadcrumb","itemListElement":[{"@type":"ListItem","position":1,"name":"Home","item":"https:\/\/pros.com\/b2b\/"},{"@type":"ListItem","position":2,"name":"The Forrester Wave\u2122 CPQ Solutions"}]},{"@type":"WebSite","@id":"https:\/\/pros.com\/b2b\/#website","url":"https:\/\/pros.com\/b2b\/","name":"die intelligente Preisverwaltung von PROS integrieren,","description":"KI-gest\u00fctzte CPQ-, Dynamic Pricing- und Revenue-Software","publisher":{"@id":"https:\/\/pros.com\/b2b\/#organization"},"potentialAction":[{"@type":"SearchAction","target":{"@type":"EntryPoint","urlTemplate":"https:\/\/pros.com\/b2b\/?s={search_term_string}"},"query-input":{"@type":"PropertyValueSpecification","valueRequired":true,"valueName":"search_term_string"}}],"inLanguage":"de"},{"@type":"Organization","@id":"https:\/\/pros.com\/b2b\/#organization","name":"PROS, Inc.","url":"https:\/\/pros.com\/b2b\/","logo":{"@type":"ImageObject","inLanguage":"de","@id":"https:\/\/pros.com\/b2b\/#\/schema\/logo\/image\/","url":"https:\/\/pros.com\/b2b\/\/wp-content\/uploads\/2025\/04\/Pros-logo-1.png","contentUrl":"https:\/\/pros.com\/b2b\/\/wp-content\/uploads\/2025\/04\/Pros-logo-1.png","width":262,"height":75,"caption":"PROS, Inc."},"image":{"@id":"https:\/\/pros.com\/b2b\/#\/schema\/logo\/image\/"},"sameAs":["https:\/\/www.facebook.com\/PROSInc","https:\/\/x.com\/PROS_Inc","https:\/\/www.instagram.com\/pros.inc\/","https:\/\/www.linkedin.com\/company\/pros\/","https:\/\/www.youtube.com\/user\/PROSpricing"]}]}},"_links":{"self":[{"href":"https:\/\/pros.com\/b2b\/de\/wp-json\/wp\/v2\/pages\/62858","targetHints":{"allow":["GET"]}}],"collection":[{"href":"https:\/\/pros.com\/b2b\/de\/wp-json\/wp\/v2\/pages"}],"about":[{"href":"https:\/\/pros.com\/b2b\/de\/wp-json\/wp\/v2\/types\/page"}],"author":[{"embeddable":true,"href":"https:\/\/pros.com\/b2b\/de\/wp-json\/wp\/v2\/users\/8"}],"replies":[{"embeddable":true,"href":"https:\/\/pros.com\/b2b\/de\/wp-json\/wp\/v2\/comments?post=62858"}],"version-history":[{"count":0,"href":"https:\/\/pros.com\/b2b\/de\/wp-json\/wp\/v2\/pages\/62858\/revisions"}],"wp:attachment":[{"href":"https:\/\/pros.com\/b2b\/de\/wp-json\/wp\/v2\/media?parent=62858"}],"curies":[{"name":"wp","href":"https:\/\/api.w.org\/{rel}","templated":true}]}}