{"id":62890,"date":"2025-04-16T11:52:07","date_gmt":"2025-04-16T11:52:07","guid":{"rendered":"https:\/\/pros.com\/b2b\/\/?page_id=62890"},"modified":"2025-04-22T11:26:35","modified_gmt":"2025-04-22T11:26:35","slug":"leader-three-cpq-evaluations","status":"publish","type":"page","link":"https:\/\/pros.com\/b2b\/de\/leader-three-cpq-evaluations\/","title":{"rendered":"Leader in 3 Configure, Price, Quote (CPQ) Evaluations"},"content":{"rendered":"<div data-elementor-type=\"wp-page\" data-elementor-id=\"62890\" class=\"elementor elementor-62890\" data-elementor-post-type=\"page\">\n\t\t\t\t<div class=\"elementor-element elementor-element-6597079 e-flex e-con-boxed e-con e-parent\" data-id=\"6597079\" data-element_type=\"container\" data-e-type=\"container\" data-settings=\"{&quot;background_background&quot;:&quot;gradient&quot;}\">\n\t\t\t\t\t<div class=\"e-con-inner\">\n\t\t<div class=\"elementor-element elementor-element-c8aeea5 e-flex e-con-boxed e-con e-child\" data-id=\"c8aeea5\" data-element_type=\"container\" data-e-type=\"container\">\n\t\t\t\t\t<div class=\"e-con-inner\">\n\t\t<div class=\"elementor-element elementor-element-aa370e0 e-con-full e-flex e-con e-child\" data-id=\"aa370e0\" data-element_type=\"container\" data-e-type=\"container\">\n\t\t\t\t<div class=\"elementor-element elementor-element-e2157f0 elementor-widget elementor-widget-heading\" data-id=\"e2157f0\" data-element_type=\"widget\" data-e-type=\"widget\" data-widget_type=\"heading.default\">\n\t\t\t\t\t<h1 class=\"elementor-heading-title elementor-size-default\"> F\u00dcHREND BEI KONFIGURATION, PREIS, ANGEBOT<\/h1>\t\t\t\t<\/div>\n\t\t\t\t<div class=\"elementor-element elementor-element-55c9ac3 elementor-widget elementor-widget-heading\" data-id=\"55c9ac3\" data-element_type=\"widget\" data-e-type=\"widget\" data-widget_type=\"heading.default\">\n\t\t\t\t\t<h3 class=\"elementor-heading-title elementor-size-default\">PROS wird von Gartner\u00ae Magic Quadrant\u2122, Forrester Wave\u2122 und IDC Marketscape als f\u00fchrend eingestuft<\/h3>\t\t\t\t<\/div>\n\t\t\t\t<\/div>\n\t\t<div class=\"elementor-element elementor-element-bf671e1 e-con-full e-flex e-con e-child\" data-id=\"bf671e1\" data-element_type=\"container\" data-e-type=\"container\">\n\t\t\t\t<div class=\"elementor-element elementor-element-071b1fd elementor-widget elementor-widget-image\" data-id=\"071b1fd\" data-element_type=\"widget\" data-e-type=\"widget\" data-widget_type=\"image.default\">\n\t\t\t\t\t\t\t\t\t\t\t\t\t\t\t<img fetchpriority=\"high\" decoding=\"async\" width=\"2525\" height=\"2525\" src=\"https:\/\/pros.com\/b2b\/wp-content\/uploads\/2025\/04\/3X-with-Lights.png\" class=\"attachment-full size-full wp-image-62735\" alt=\"\" srcset=\"https:\/\/pros.com\/b2b\/wp-content\/uploads\/2025\/04\/3X-with-Lights.png 2525w, https:\/\/pros.com\/b2b\/wp-content\/uploads\/2025\/04\/3X-with-Lights-300x300.png 300w, https:\/\/pros.com\/b2b\/wp-content\/uploads\/2025\/04\/3X-with-Lights-1024x1024.png 1024w, https:\/\/pros.com\/b2b\/wp-content\/uploads\/2025\/04\/3X-with-Lights-150x150.png 150w, https:\/\/pros.com\/b2b\/wp-content\/uploads\/2025\/04\/3X-with-Lights-768x768.png 768w, https:\/\/pros.com\/b2b\/wp-content\/uploads\/2025\/04\/3X-with-Lights-1536x1536.png 1536w, https:\/\/pros.com\/b2b\/wp-content\/uploads\/2025\/04\/3X-with-Lights-2048x2048.png 2048w, https:\/\/pros.com\/b2b\/wp-content\/uploads\/2025\/04\/3X-with-Lights-700x700.png 700w\" sizes=\"(max-width: 2525px) 100vw, 2525px\" \/>\t\t\t\t\t\t\t\t\t\t\t\t\t\t\t<\/div>\n\t\t\t\t<\/div>\n\t\t\t\t\t<\/div>\n\t\t\t\t<\/div>\n\t\t\t\t\t<\/div>\n\t\t\t\t<\/div>\n\t\t<div class=\"elementor-element elementor-element-885ddc0 e-flex e-con-boxed e-con e-parent\" data-id=\"885ddc0\" data-element_type=\"container\" data-e-type=\"container\">\n\t\t\t\t\t<div class=\"e-con-inner\">\n\t\t<div class=\"elementor-element elementor-element-2caf34f e-con-full e-flex e-con e-child\" data-id=\"2caf34f\" data-element_type=\"container\" data-e-type=\"container\">\n\t\t\t\t<div class=\"elementor-element elementor-element-a8688e1 elementor-widget elementor-widget-text-editor\" data-id=\"a8688e1\" data-element_type=\"widget\" data-e-type=\"widget\" data-widget_type=\"text-editor.default\">\n\t\t\t\t\t\t\t\t\t<strong style=\"color:#000000;\">PROS ist jetzt f\u00fchrend in 3 Konfigurieren, Preis, Angebot Bewertungen!<\/strong> K\u00fcrzlich wurde PROS in drei CPQ-Analystenbewertungen als \"Leader\" eingestuft: Gartner\u00ae Magic Quadrant\u2122, The Forrester Wave\u2122: Configure, Price, Quote Solutions, Q1 2025, und IDC MarketScape: Worldwide Configure Price Quote Applications for Commerce 2024-2025 Vendor Assessment.\t\t\t\t\t\t\t\t<\/div>\n\t\t\t\t<div class=\"elementor-element elementor-element-ff9314f elementor-widget elementor-widget-text-editor\" data-id=\"ff9314f\" data-element_type=\"widget\" data-e-type=\"widget\" data-widget_type=\"text-editor.default\">\n\t\t\t\t\t\t\t\t\t<em>\"Wir sind der Meinung, dass diese Anerkennung ein Beweis f\u00fcr das Engagement unseres Teams f\u00fcr hervorragende Produkte und Innovationen ist und auch f\u00fcr das Vertrauen, das unsere Kunden in uns setzen, um ihnen zu profitablem Wachstum zu verhelfen.\"<\/em> sagt der Gesch\u00e4ftsf\u00fchrer von PROS, Andres Reiner.\t\t\t\t\t\t\t\t<\/div>\n\t\t\t\t<div class=\"elementor-element elementor-element-59ee801 elementor-widget elementor-widget-heading\" data-id=\"59ee801\" data-element_type=\"widget\" data-e-type=\"widget\" data-widget_type=\"heading.default\">\n\t\t\t\t\t<h2 class=\"elementor-heading-title elementor-size-default\">Gartner\u00ae Magic Quadrant\u2122-Anerkennung von PROS CPQ:<\/h2>\t\t\t\t<\/div>\n\t\t\t\t<div class=\"elementor-element elementor-element-b7283a2 elementor-widget elementor-widget-text-editor\" data-id=\"b7283a2\" data-element_type=\"widget\" data-e-type=\"widget\" data-widget_type=\"text-editor.default\">\n\t\t\t\t\t\t\t\t\t<ul>\n \t<li><strong style=\"color:#000000;\">Vollst\u00e4ndigkeit der Vision: <\/strong>Die Bewertung der Vollst\u00e4ndigkeit der Vision umfasst Marktverst\u00e4ndnis, Marketing- und Vertriebsstrategie, Gesch\u00e4ftsmodell, Innovation usw.<\/li>\n \t<li><strong style=\"color:#000000;\">F\u00e4higkeit zur Ausf\u00fchrung: <\/strong>Die Bewertung der Umsetzungsf\u00e4higkeit umfasst das Produkt oder die Dienstleistung, die Gesamtwirtschaftlichkeit, die Verkaufsabwicklung\/Preisgestaltung, die Kundenerfahrung usw. <\/li>\n<\/ul>\t\t\t\t\t\t\t\t<\/div>\n\t\t\t\t<div class=\"elementor-element elementor-element-99c2dae elementor-widget elementor-widget-heading\" data-id=\"99c2dae\" data-element_type=\"widget\" data-e-type=\"widget\" data-widget_type=\"heading.default\">\n\t\t\t\t\t<h2 class=\"elementor-heading-title elementor-size-default\">Forrester Wave\u2122 Anerkennung von PROS CPQ - 5\/5 (h\u00f6chstm\u00f6gliche Punktzahl) bei 15 Kriterien, darunter:<\/h2>\t\t\t\t<\/div>\n\t\t\t\t<div class=\"elementor-element elementor-element-8581215 elementor-widget elementor-widget-text-editor\" data-id=\"8581215\" data-element_type=\"widget\" data-e-type=\"widget\" data-widget_type=\"text-editor.default\">\n\t\t\t\t\t\t\t\t\t<ul>\n \t<li><strong style=\"color: #000000;\">AI-F\u00e4higkeiten: <\/strong>Unsere hochmoderne KI-Technologie erm\u00f6glicht intelligentere, schnellere und genauere Konfigurationen.<\/li>\n \t<li><strong style=\"color: #000000;\">Partner-\u00d6kosystem: <\/strong>Wir haben ein robustes Partner-\u00d6kosystem aufgebaut, das die M\u00f6glichkeiten unserer L\u00f6sung erweitert.<\/li>\n \t<li><strong style=\"color: #000000;\">Konfigurator-Engine: <\/strong>Unsere Konfigurations-Engine ist darauf ausgelegt, komplexe Szenarien mit Leichtigkeit zu bew\u00e4ltigen.<\/li>\n<\/ul>\t\t\t\t\t\t\t\t<\/div>\n\t\t\t\t<div class=\"elementor-element elementor-element-7603fed elementor-widget elementor-widget-heading\" data-id=\"7603fed\" data-element_type=\"widget\" data-e-type=\"widget\" data-widget_type=\"heading.default\">\n\t\t\t\t\t<h2 class=\"elementor-heading-title elementor-size-default\">IDC MarketScape-Anerkennung von PROS CPQ: <\/h2>\t\t\t\t<\/div>\n\t\t\t\t<div class=\"elementor-element elementor-element-33d8d38 elementor-widget elementor-widget-text-editor\" data-id=\"33d8d38\" data-element_type=\"widget\" data-e-type=\"widget\" data-widget_type=\"text-editor.default\">\n\t\t\t\t\t\t\t\t\t<ul>\n \t<li><strong style=\"color: #000000;\">Entwickelt f\u00fcr die Zukunft, die KI f\u00fcr CPQ schon heute vorantreibt: <\/strong>PROS ist bestrebt, seine CPQ um weitere fortschrittliche KI-Funktionen zu erweitern.<\/li>\n \t<li><strong style=\"color: #000000;\">Tiefe Integration f\u00fcr Microsoft Dynamics 365 CRM: <\/strong>Als Microsoft Inner Circle Partner und k\u00fcrzlich zum Partner des Jahres gek\u00fcrt, hat PROS die Integration mit Microsoft mitentwickelt. Au\u00dferdem arbeitet PROS mit MS zusammen, um sicherzustellen, dass PROS Smart CPQ die M\u00f6glichkeiten von Microsofts Sales Copilot voll aussch\u00f6pft. <\/li>\n \t<li><strong style=\"color: #000000;\">Erweiterte Preisgestaltung: <\/strong>PROS bietet fortschrittliche Preisgestaltungsfunktionen, einschlie\u00dflich der Unterst\u00fctzung zahlreicher Preisgestaltungsmodelle, der M\u00f6glichkeit, Preise festzulegen, die sich an Marktindizes orientieren, was eine Preisoptimierung auf der K\u00e4uferseite erm\u00f6glicht, und der Unterst\u00fctzung dynamischer Preise auf der Grundlage der Verf\u00fcgbarkeit von Best\u00e4nden\/Lieferketten. <\/li>\n<\/ul>\t\t\t\t\t\t\t\t<\/div>\n\t\t\t\t<div class=\"elementor-element elementor-element-56aa462 elementor-widget elementor-widget-text-editor\" data-id=\"56aa462\" data-element_type=\"widget\" data-e-type=\"widget\" data-widget_type=\"text-editor.default\">\n\t\t\t\t\t\t\t\t\t<p>Um mehr zu erfahren, lesen Sie die folgenden Ausz\u00fcge oder besuchen Sie unsere <a href=\"https:\/\/pros.com\/b2b\/de\/products\/cpq-software\/\">PROS CPQ-Seite<\/a>.<\/p>\t\t\t\t\t\t\t\t<\/div>\n\t\t<div class=\"elementor-element elementor-element-f16d112 e-con-full e-flex e-con e-child\" data-id=\"f16d112\" data-element_type=\"container\" data-e-type=\"container\">\n\t\t\t\t<div class=\"elementor-element elementor-element-25c72d0 pass-utm elementor-align-center elementor-widget elementor-widget-button\" data-id=\"25c72d0\" data-element_type=\"widget\" data-e-type=\"widget\" data-widget_type=\"button.default\">\n\t\t\t\t\t\t\t\t\t\t<a class=\"elementor-button elementor-button-link elementor-size-sm\" href=\"https:\/\/pros.com\/b2b\/de\/gartner-magic-quadrant-2025\/\">\n\t\t\t\t\t\t<span class=\"elementor-button-content-wrapper\">\n\t\t\t\t\t\t\t\t\t<span class=\"elementor-button-text\">Gartner\u00ae Magic Quadrant\u2122 Bericht<\/span>\n\t\t\t\t\t<\/span>\n\t\t\t\t\t<\/a>\n\t\t\t\t\t\t\t\t<\/div>\n\t\t\t\t<div class=\"elementor-element elementor-element-cbab703 pass-utm elementor-align-center elementor-mobile-align-justify elementor-widget elementor-widget-button\" data-id=\"cbab703\" data-element_type=\"widget\" data-e-type=\"widget\" data-widget_type=\"button.default\">\n\t\t\t\t\t\t\t\t\t\t<a class=\"elementor-button elementor-button-link elementor-size-sm\" href=\"https:\/\/pros.com\/b2b\/de\/forrester-wave-2025\/\">\n\t\t\t\t\t\t<span class=\"elementor-button-content-wrapper\">\n\t\t\t\t\t\t\t\t\t<span class=\"elementor-button-text\">Forrester Wave\u2122 Bericht<\/span>\n\t\t\t\t\t<\/span>\n\t\t\t\t\t<\/a>\n\t\t\t\t\t\t\t\t<\/div>\n\t\t\t\t<div class=\"elementor-element elementor-element-e0f8c41 pass-utm elementor-align-center elementor-mobile-align-justify elementor-widget elementor-widget-button\" data-id=\"e0f8c41\" data-element_type=\"widget\" data-e-type=\"widget\" data-widget_type=\"button.default\">\n\t\t\t\t\t\t\t\t\t\t<a class=\"elementor-button elementor-button-link elementor-size-sm\" href=\"https:\/\/pros.com\/b2b\/learn\/analyst-reports\/idc-marketscape-worldwide-configure-price-quote-commerce-applications-2024-2025-vendor-assessment\/\">\n\t\t\t\t\t\t<span class=\"elementor-button-content-wrapper\">\n\t\t\t\t\t\t\t\t\t<span class=\"elementor-button-text\">IDC MarketScape Bericht<\/span>\n\t\t\t\t\t<\/span>\n\t\t\t\t\t<\/a>\n\t\t\t\t\t\t\t\t<\/div>\n\t\t\t\t<\/div>\n\t\t<div class=\"elementor-element elementor-element-dd955de e-con-full e-flex e-con e-child\" data-id=\"dd955de\" data-element_type=\"container\" data-e-type=\"container\">\n\t\t\t\t<div class=\"elementor-element elementor-element-452322f elementor-widget elementor-widget-text-editor\" data-id=\"452322f\" data-element_type=\"widget\" data-e-type=\"widget\" data-widget_type=\"text-editor.default\">\n\t\t\t\t\t\t\t\t\t<p>Gartner, Magic Quadrant f\u00fcr Konfigurations-, Preis- und Angebotsanwendungen, nach<a href=\"https:\/\/www.gartner.com\/analyst\/bec800b879\" target=\"_blank\" rel=\"noopener\">Mark Lewis<\/a>,<a href=\"https:\/\/www.gartner.com\/analyst\/b9c801bc79a3\" target=\"_blank\" rel=\"noopener\">Luke Tipping<\/a>22. Januar 2025. GARTNER ist eine eingetragene Marke und Dienstleistungsmarke von Gartner, Inc. und\/oder seinen Tochtergesellschaften in den USA und international, Magic Quadrant ist eine eingetragene Marke von Gartner, Inc. und\/oder seinen Tochtergesellschaften und wird hier mit Genehmigung verwendet. Alle Rechte vorbehalten.Gartner unterst\u00fctzt keine der in seinen Forschungspublikationen dargestellten Anbieter, Produkte oder Dienstleistungen und r\u00e4t Technologieanwendern nicht, nur die Anbieter mit den h\u00f6chsten Bewertungen oder anderen Bezeichnungen auszuw\u00e4hlen. Die Forschungspublikationen von Gartner geben die Meinung der Forschungs- und Beratungsorganisation von Gartner wieder und sollten nicht als Tatsachenbehauptungen ausgelegt werden. Gartner lehnt jede ausdr\u00fcckliche oder stillschweigende Gew\u00e4hrleistung in Bezug auf diese Studie ab, einschlie\u00dflich jeglicher Gew\u00e4hrleistung der Marktg\u00e4ngigkeit oder Eignung f\u00fcr einen bestimmten Zweck.<\/p><p>Forrester unterst\u00fctzt keine Unternehmen, Produkte, Marken oder Dienstleistungen, die in seinen Forschungspublikationen enthalten sind, und r\u00e4t niemandem, die Produkte oder Dienstleistungen eines Unternehmens oder einer Marke auf der Grundlage der in solchen Publikationen enthaltenen Bewertungen auszuw\u00e4hlen. Die Informationen beruhen auf den besten verf\u00fcgbaren Quellen. Die Meinungen spiegeln die Einsch\u00e4tzung zum jeweiligen Zeitpunkt wider und k\u00f6nnen sich \u00e4ndern. Weitere Informationen \u00fcber die Objektivit\u00e4t von Forrester finden Sie unter<a href=\"https:\/\/www.forrester.com\/about-us\/objectivity\/\" target=\"_blank\" rel=\"noopener\">hier<\/a>.<\/p><p>Das IDC MarketScape-Analysemodell f\u00fcr Anbieter wurde entwickelt, um einen \u00dcberblick \u00fcber die Wettbewerbsf\u00e4higkeit von IKT-Anbietern (Informations- und Kommunikationstechnologie) in einem bestimmten Markt zu geben. Die Forschungsmethodik verwendet eine strenge Bewertungsmethode, die sowohl auf qualitativen als auch auf quantitativen Kriterien basiert und zu einer einzigen grafischen Darstellung der Position jedes Anbieters innerhalb eines bestimmten Marktes f\u00fchrt. IDC MarketScape bietet einen klaren Rahmen, in dem die Produkt- und Serviceangebote, F\u00e4higkeiten und Strategien sowie die aktuellen und zuk\u00fcnftigen Erfolgsfaktoren von IT- und Telekommunikationsanbietern sinnvoll verglichen werden k\u00f6nnen. Der Rahmen bietet Technologieeink\u00e4ufern au\u00dferdem eine 360-Grad-Bewertung der St\u00e4rken und Schw\u00e4chen aktueller und zuk\u00fcnftiger Anbieter.<\/p>\t\t\t\t\t\t\t\t<\/div>\n\t\t\t\t<\/div>\n\t\t\t\t<\/div>\n\t\t\t\t\t<\/div>\n\t\t\t\t<\/div>\n\t\t<div class=\"elementor-element elementor-element-f380afe e-flex e-con-boxed e-con e-parent\" data-id=\"f380afe\" data-element_type=\"container\" data-e-type=\"container\">\n\t\t\t\t\t<div class=\"e-con-inner\">\n\t\t\t\t<div class=\"elementor-element elementor-element-e39f1e8 elementor-widget elementor-widget-html\" data-id=\"e39f1e8\" data-element_type=\"widget\" data-e-type=\"widget\" data-widget_type=\"html.default\">\n\t\t\t\t\t<script>\ndocument.addEventListener('DOMContentLoaded', function () {\n    const queryString = window.location.search;\n\n    if (queryString) {\n        const containers = document.querySelectorAll('.pass-utm');\n\n        containers.forEach(function (container) {\n            const link = container.querySelector('a.elementor-button-link');\n\n            if (link) {\n                const currentHref = link.getAttribute('href');\n\n                if (currentHref) {\n                    const newHref = currentHref.includes('?') \n                        ? currentHref + '&' + queryString.slice(1)\n                        : currentHref + queryString;\n                    link.setAttribute('href', newHref);\n                }\n            }\n        });\n    }\n});\n\n\n<\/script>\t\t\t\t<\/div>\n\t\t\t\t\t<\/div>\n\t\t\t\t<\/div>\n\t\t\t\t<\/div>","protected":false},"excerpt":{"rendered":"<p>A LEADER IN CONFIGURE, PRICE, QUOTE PROS Named a Leader by Gartner\u00ae Magic Quadrant\u2122, Forrester Wave\u2122 &amp; IDC Marketscape PROS is now a Leader in 3 Configure, Price, Quote evaluations! Recently, PROS was named a Leader in three CPQ analyst evaluations: Gartner\u00ae Magic Quadrant\u2122, The Forrester Wave\u2122: Configure, Price, Quote Solutions, Q1 2025, and IDC [&hellip;]<\/p>\n","protected":false},"author":10,"featured_media":0,"parent":0,"menu_order":0,"comment_status":"closed","ping_status":"closed","template":"elementor_header_footer","meta":{"_acf_changed":false,"inline_featured_image":false,"footnotes":""},"class_list":["post-62890","page","type-page","status-publish","hentry"],"acf":[],"yoast_head":"<!-- This site is optimized with the Yoast SEO Premium plugin v26.7 (Yoast SEO v27.4) - https:\/\/yoast.com\/product\/yoast-seo-premium-wordpress\/ -->\n<title>Leader in 3 Configure, Price, Quote (CPQ) Evaluations | PROS B2B<\/title>\n<meta name=\"description\" content=\"PROS is named a Leader in Gartner, Forrester, and IDC CPQ evaluations\u2014recognized for AI innovation, configurator strength, and customer success.\" \/>\n<meta name=\"robots\" content=\"index, follow, max-snippet:-1, max-image-preview:large, max-video-preview:-1\" \/>\n<link rel=\"canonical\" href=\"https:\/\/pros.com\/b2b\/de\/leader-three-cpq-evaluations\/\" \/>\n<meta property=\"og:locale\" content=\"de_DE\" \/>\n<meta property=\"og:type\" content=\"article\" \/>\n<meta property=\"og:title\" content=\"Leader in 3 Configure, Price, Quote (CPQ) Evaluations\" \/>\n<meta property=\"og:description\" content=\"PROS is named a Leader in Gartner, Forrester, and IDC CPQ evaluations\u2014recognized for AI innovation, configurator strength, and customer success.\" \/>\n<meta property=\"og:url\" content=\"https:\/\/pros.com\/b2b\/de\/leader-three-cpq-evaluations\/\" \/>\n<meta property=\"og:site_name\" content=\"PROS B2B\" \/>\n<meta property=\"article:publisher\" content=\"https:\/\/www.facebook.com\/PROSInc\" \/>\n<meta property=\"article:modified_time\" content=\"2025-04-22T11:26:35+00:00\" \/>\n<meta property=\"og:image\" content=\"https:\/\/pros.com\/b2b\/\/wp-content\/uploads\/2025\/04\/3X-with-Lights.png\" \/>\n<meta name=\"twitter:card\" content=\"summary_large_image\" \/>\n<meta name=\"twitter:site\" content=\"@PROS_Inc\" \/>\n<script type=\"application\/ld+json\" class=\"yoast-schema-graph\">{\"@context\":\"https:\\\/\\\/schema.org\",\"@graph\":[{\"@type\":\"WebPage\",\"@id\":\"https:\\\/\\\/pros.com\\\/b2b\\\/leader-three-cpq-evaluations\\\/\",\"url\":\"https:\\\/\\\/pros.com\\\/b2b\\\/leader-three-cpq-evaluations\\\/\",\"name\":\"Leader in 3 Configure, Price, Quote (CPQ) Evaluations | PROS B2B\",\"isPartOf\":{\"@id\":\"https:\\\/\\\/pros.com\\\/b2b\\\/#website\"},\"primaryImageOfPage\":{\"@id\":\"https:\\\/\\\/pros.com\\\/b2b\\\/leader-three-cpq-evaluations\\\/#primaryimage\"},\"image\":{\"@id\":\"https:\\\/\\\/pros.com\\\/b2b\\\/leader-three-cpq-evaluations\\\/#primaryimage\"},\"thumbnailUrl\":\"https:\\\/\\\/pros.com\\\/b2b\\\/\\\/wp-content\\\/uploads\\\/2025\\\/04\\\/3X-with-Lights.png\",\"datePublished\":\"2025-04-16T11:52:07+00:00\",\"dateModified\":\"2025-04-22T11:26:35+00:00\",\"description\":\"PROS is named a Leader in Gartner, Forrester, and IDC CPQ evaluations\u2014recognized for AI innovation, configurator strength, and customer success.\",\"breadcrumb\":{\"@id\":\"https:\\\/\\\/pros.com\\\/b2b\\\/leader-three-cpq-evaluations\\\/#breadcrumb\"},\"inLanguage\":\"de\",\"potentialAction\":[{\"@type\":\"ReadAction\",\"target\":[\"https:\\\/\\\/pros.com\\\/b2b\\\/leader-three-cpq-evaluations\\\/\"]}]},{\"@type\":\"ImageObject\",\"inLanguage\":\"de\",\"@id\":\"https:\\\/\\\/pros.com\\\/b2b\\\/leader-three-cpq-evaluations\\\/#primaryimage\",\"url\":\"https:\\\/\\\/pros.com\\\/b2b\\\/\\\/wp-content\\\/uploads\\\/2025\\\/04\\\/3X-with-Lights.png\",\"contentUrl\":\"https:\\\/\\\/pros.com\\\/b2b\\\/\\\/wp-content\\\/uploads\\\/2025\\\/04\\\/3X-with-Lights.png\"},{\"@type\":\"BreadcrumbList\",\"@id\":\"https:\\\/\\\/pros.com\\\/b2b\\\/leader-three-cpq-evaluations\\\/#breadcrumb\",\"itemListElement\":[{\"@type\":\"ListItem\",\"position\":1,\"name\":\"Home\",\"item\":\"https:\\\/\\\/pros.com\\\/b2b\\\/\"},{\"@type\":\"ListItem\",\"position\":2,\"name\":\"Leader in 3 Configure, Price, Quote (CPQ) Evaluations\"}]},{\"@type\":\"WebSite\",\"@id\":\"https:\\\/\\\/pros.com\\\/b2b\\\/#website\",\"url\":\"https:\\\/\\\/pros.com\\\/b2b\\\/\",\"name\":\"PROS\",\"description\":\"AI-Powered CPQ, Dynamic Pricing, &amp; Revenue Software\",\"publisher\":{\"@id\":\"https:\\\/\\\/pros.com\\\/b2b\\\/#organization\"},\"potentialAction\":[{\"@type\":\"SearchAction\",\"target\":{\"@type\":\"EntryPoint\",\"urlTemplate\":\"https:\\\/\\\/pros.com\\\/b2b\\\/?s={search_term_string}\"},\"query-input\":{\"@type\":\"PropertyValueSpecification\",\"valueRequired\":true,\"valueName\":\"search_term_string\"}}],\"inLanguage\":\"de\"},{\"@type\":\"Organization\",\"@id\":\"https:\\\/\\\/pros.com\\\/b2b\\\/#organization\",\"name\":\"PROS, Inc.\",\"url\":\"https:\\\/\\\/pros.com\\\/b2b\\\/\",\"logo\":{\"@type\":\"ImageObject\",\"inLanguage\":\"de\",\"@id\":\"https:\\\/\\\/pros.com\\\/b2b\\\/#\\\/schema\\\/logo\\\/image\\\/\",\"url\":\"https:\\\/\\\/pros.com\\\/b2b\\\/\\\/wp-content\\\/uploads\\\/2025\\\/04\\\/Pros-logo-1.png\",\"contentUrl\":\"https:\\\/\\\/pros.com\\\/b2b\\\/\\\/wp-content\\\/uploads\\\/2025\\\/04\\\/Pros-logo-1.png\",\"width\":262,\"height\":75,\"caption\":\"PROS, Inc.\"},\"image\":{\"@id\":\"https:\\\/\\\/pros.com\\\/b2b\\\/#\\\/schema\\\/logo\\\/image\\\/\"},\"sameAs\":[\"https:\\\/\\\/www.facebook.com\\\/PROSInc\",\"https:\\\/\\\/x.com\\\/PROS_Inc\",\"https:\\\/\\\/www.instagram.com\\\/pros.inc\\\/\",\"https:\\\/\\\/www.linkedin.com\\\/company\\\/pros\\\/\",\"https:\\\/\\\/www.youtube.com\\\/user\\\/PROSpricing\"]}]}<\/script>\n<!-- \/ Yoast SEO Premium plugin. -->","yoast_head_json":{"title":"Leader in 3 Configure, Price, Quote (CPQ) Evaluations | PROS B2B","description":"PROS is named a Leader in Gartner, Forrester, and IDC CPQ evaluations\u2014recognized for AI innovation, configurator strength, and customer success.","robots":{"index":"index","follow":"follow","max-snippet":"max-snippet:-1","max-image-preview":"max-image-preview:large","max-video-preview":"max-video-preview:-1"},"canonical":"https:\/\/pros.com\/b2b\/de\/leader-three-cpq-evaluations\/","og_locale":"de_DE","og_type":"article","og_title":"Leader in 3 Configure, Price, Quote (CPQ) Evaluations","og_description":"PROS is named a Leader in Gartner, Forrester, and IDC CPQ evaluations\u2014recognized for AI innovation, configurator strength, and customer success.","og_url":"https:\/\/pros.com\/b2b\/de\/leader-three-cpq-evaluations\/","og_site_name":"PROS B2B","article_publisher":"https:\/\/www.facebook.com\/PROSInc","article_modified_time":"2025-04-22T11:26:35+00:00","og_image":[{"url":"https:\/\/pros.com\/b2b\/\/wp-content\/uploads\/2025\/04\/3X-with-Lights.png","type":"","width":"","height":""}],"twitter_card":"summary_large_image","twitter_site":"@PROS_Inc","schema":{"@context":"https:\/\/schema.org","@graph":[{"@type":"WebPage","@id":"https:\/\/pros.com\/b2b\/leader-three-cpq-evaluations\/","url":"https:\/\/pros.com\/b2b\/leader-three-cpq-evaluations\/","name":"Leader in 3 Configure, Price, Quote (CPQ) Evaluations | PROS B2B","isPartOf":{"@id":"https:\/\/pros.com\/b2b\/#website"},"primaryImageOfPage":{"@id":"https:\/\/pros.com\/b2b\/leader-three-cpq-evaluations\/#primaryimage"},"image":{"@id":"https:\/\/pros.com\/b2b\/leader-three-cpq-evaluations\/#primaryimage"},"thumbnailUrl":"https:\/\/pros.com\/b2b\/\/wp-content\/uploads\/2025\/04\/3X-with-Lights.png","datePublished":"2025-04-16T11:52:07+00:00","dateModified":"2025-04-22T11:26:35+00:00","description":"PROS is named a Leader in Gartner, Forrester, and IDC CPQ evaluations\u2014recognized for AI innovation, configurator strength, and customer success.","breadcrumb":{"@id":"https:\/\/pros.com\/b2b\/leader-three-cpq-evaluations\/#breadcrumb"},"inLanguage":"de","potentialAction":[{"@type":"ReadAction","target":["https:\/\/pros.com\/b2b\/leader-three-cpq-evaluations\/"]}]},{"@type":"ImageObject","inLanguage":"de","@id":"https:\/\/pros.com\/b2b\/leader-three-cpq-evaluations\/#primaryimage","url":"https:\/\/pros.com\/b2b\/\/wp-content\/uploads\/2025\/04\/3X-with-Lights.png","contentUrl":"https:\/\/pros.com\/b2b\/\/wp-content\/uploads\/2025\/04\/3X-with-Lights.png"},{"@type":"BreadcrumbList","@id":"https:\/\/pros.com\/b2b\/leader-three-cpq-evaluations\/#breadcrumb","itemListElement":[{"@type":"ListItem","position":1,"name":"Home","item":"https:\/\/pros.com\/b2b\/"},{"@type":"ListItem","position":2,"name":"Leader in 3 Configure, Price, Quote (CPQ) Evaluations"}]},{"@type":"WebSite","@id":"https:\/\/pros.com\/b2b\/#website","url":"https:\/\/pros.com\/b2b\/","name":"die intelligente Preisverwaltung von PROS integrieren,","description":"KI-gest\u00fctzte CPQ-, Dynamic Pricing- und Revenue-Software","publisher":{"@id":"https:\/\/pros.com\/b2b\/#organization"},"potentialAction":[{"@type":"SearchAction","target":{"@type":"EntryPoint","urlTemplate":"https:\/\/pros.com\/b2b\/?s={search_term_string}"},"query-input":{"@type":"PropertyValueSpecification","valueRequired":true,"valueName":"search_term_string"}}],"inLanguage":"de"},{"@type":"Organization","@id":"https:\/\/pros.com\/b2b\/#organization","name":"PROS, Inc.","url":"https:\/\/pros.com\/b2b\/","logo":{"@type":"ImageObject","inLanguage":"de","@id":"https:\/\/pros.com\/b2b\/#\/schema\/logo\/image\/","url":"https:\/\/pros.com\/b2b\/\/wp-content\/uploads\/2025\/04\/Pros-logo-1.png","contentUrl":"https:\/\/pros.com\/b2b\/\/wp-content\/uploads\/2025\/04\/Pros-logo-1.png","width":262,"height":75,"caption":"PROS, Inc."},"image":{"@id":"https:\/\/pros.com\/b2b\/#\/schema\/logo\/image\/"},"sameAs":["https:\/\/www.facebook.com\/PROSInc","https:\/\/x.com\/PROS_Inc","https:\/\/www.instagram.com\/pros.inc\/","https:\/\/www.linkedin.com\/company\/pros\/","https:\/\/www.youtube.com\/user\/PROSpricing"]}]}},"_links":{"self":[{"href":"https:\/\/pros.com\/b2b\/de\/wp-json\/wp\/v2\/pages\/62890","targetHints":{"allow":["GET"]}}],"collection":[{"href":"https:\/\/pros.com\/b2b\/de\/wp-json\/wp\/v2\/pages"}],"about":[{"href":"https:\/\/pros.com\/b2b\/de\/wp-json\/wp\/v2\/types\/page"}],"author":[{"embeddable":true,"href":"https:\/\/pros.com\/b2b\/de\/wp-json\/wp\/v2\/users\/10"}],"replies":[{"embeddable":true,"href":"https:\/\/pros.com\/b2b\/de\/wp-json\/wp\/v2\/comments?post=62890"}],"version-history":[{"count":0,"href":"https:\/\/pros.com\/b2b\/de\/wp-json\/wp\/v2\/pages\/62890\/revisions"}],"wp:attachment":[{"href":"https:\/\/pros.com\/b2b\/de\/wp-json\/wp\/v2\/media?parent=62890"}],"curies":[{"name":"wp","href":"https:\/\/api.w.org\/{rel}","templated":true}]}}