{"id":63365,"date":"2025-04-23T14:21:42","date_gmt":"2025-04-23T14:21:42","guid":{"rendered":"https:\/\/pros.com\/b2b\/\/?page_id=63365"},"modified":"2025-08-21T08:51:11","modified_gmt":"2025-08-21T08:51:11","slug":"naw-partnership","status":"publish","type":"page","link":"https:\/\/pros.com\/b2b\/de\/naw-partnership\/","title":{"rendered":"NAW-Partnerschaft"},"content":{"rendered":"<div data-elementor-type=\"wp-page\" data-elementor-id=\"63365\" class=\"elementor elementor-63365\" data-elementor-post-type=\"page\">\n\t\t\t\t<div class=\"elementor-element elementor-element-534030f e-flex e-con-boxed e-con e-parent\" data-id=\"534030f\" data-element_type=\"container\" data-e-type=\"container\">\n\t\t\t\t\t<div class=\"e-con-inner\">\n\t\t\t\t<div class=\"elementor-element elementor-element-3f28f42 elementor-widget elementor-widget-heading\" data-id=\"3f28f42\" data-element_type=\"widget\" data-e-type=\"widget\" data-widget_type=\"heading.default\">\n\t\t\t\t\t<h1 class=\"elementor-heading-title elementor-size-default\">NAW und PROS Partnerschaft<\/h1>\t\t\t\t<\/div>\n\t\t\t\t\t<\/div>\n\t\t\t\t<\/div>\n\t\t\t\t<section class=\"elementor-section elementor-top-section elementor-element elementor-element-1670f15 elementor-section-boxed elementor-section-height-default elementor-section-height-default\" data-id=\"1670f15\" data-element_type=\"section\" data-e-type=\"section\">\n\t\t\t\t\t\t<div class=\"elementor-container elementor-column-gap-default\">\n\t\t\t\t\t<div class=\"elementor-column elementor-col-66 elementor-top-column elementor-element elementor-element-5f3ac20\" data-id=\"5f3ac20\" data-element_type=\"column\" data-e-type=\"column\">\n\t\t\t<div class=\"elementor-widget-wrap elementor-element-populated\">\n\t\t\t\t\t\t<div class=\"elementor-element elementor-element-674a605 elementor-widget elementor-widget-image\" data-id=\"674a605\" data-element_type=\"widget\" data-e-type=\"widget\" data-widget_type=\"image.default\">\n\t\t\t\t\t\t\t\t\t\t\t\t\t\t\t<img decoding=\"async\" width=\"299\" height=\"61\" src=\"https:\/\/pros.com\/b2b\/wp-content\/uploads\/2025\/04\/NAW-PROS-logos.png\" class=\"attachment-large size-large wp-image-63366\" alt=\"\" \/>\t\t\t\t\t\t\t\t\t\t\t\t\t\t\t<\/div>\n\t\t\t\t<div class=\"elementor-element elementor-element-f0b7319 elementor-widget elementor-widget-text-editor\" data-id=\"f0b7319\" data-element_type=\"widget\" data-e-type=\"widget\" data-widget_type=\"text-editor.default\">\n\t\t\t\t\t\t\t\t\t<p>NAW und PROS gehen eine Partnerschaft ein, um Gro\u00dfh\u00e4ndlern und Distributoren wichtige Werkzeuge f\u00fcr ihre digitale Transformation an die Hand zu geben. Durch eine Reihe von Webinaren, Podcasts und die NAW-Forschungsstudie \"Innovate to Dominate\" selbst freuen wir uns darauf, die Roadmap f\u00fcr H\u00e4ndler zu skizzieren, um B2B-Innovationen zu schaffen und den zunehmend disruptiven und transformativen Kr\u00e4ften voraus zu sein. Distributoren werden nicht nur in die Zukunft des Vertriebs blicken, sondern sie werden sie mit erstklassigen, skalierbaren L\u00f6sungen betreten.<\/p>\t\t\t\t\t\t\t\t<\/div>\n\t\t\t\t<div class=\"elementor-element elementor-element-42e287a btn-navy elementor-widget elementor-widget-button\" data-id=\"42e287a\" data-element_type=\"widget\" data-e-type=\"widget\" data-widget_type=\"button.default\">\n\t\t\t\t\t\t\t\t\t\t<a class=\"elementor-button elementor-button-link elementor-size-sm\" href=\"#podcast\">\n\t\t\t\t\t\t<span class=\"elementor-button-content-wrapper\">\n\t\t\t\t\t\t\t\t\t<span class=\"elementor-button-text\">H\u00f6ren Sie sich unseren Podcast an <\/span>\n\t\t\t\t\t<\/span>\n\t\t\t\t\t<\/a>\n\t\t\t\t\t\t\t\t<\/div>\n\t\t\t\t\t<\/div>\n\t\t<\/div>\n\t\t\t\t<div class=\"elementor-column elementor-col-33 elementor-top-column elementor-element elementor-element-576f2dc\" data-id=\"576f2dc\" data-element_type=\"column\" data-e-type=\"column\">\n\t\t\t<div class=\"elementor-widget-wrap elementor-element-populated\">\n\t\t\t\t\t\t<div class=\"elementor-element elementor-element-4fe2b6b elementor-widget elementor-widget-image\" data-id=\"4fe2b6b\" data-element_type=\"widget\" data-e-type=\"widget\" data-widget_type=\"image.default\">\n\t\t\t\t\t\t\t\t\t\t\t\t\t\t\t<img fetchpriority=\"high\" decoding=\"async\" width=\"600\" height=\"244\" src=\"https:\/\/pros.com\/b2b\/wp-content\/uploads\/2025\/04\/Innovate-to-Dominate.jpg\" class=\"attachment-large size-large wp-image-63367\" alt=\"\" srcset=\"https:\/\/pros.com\/b2b\/wp-content\/uploads\/2025\/04\/Innovate-to-Dominate.jpg 600w, https:\/\/pros.com\/b2b\/wp-content\/uploads\/2025\/04\/Innovate-to-Dominate-300x122.jpg 300w\" sizes=\"(max-width: 600px) 100vw, 600px\" \/>\t\t\t\t\t\t\t\t\t\t\t\t\t\t\t<\/div>\n\t\t\t\t\t<\/div>\n\t\t<\/div>\n\t\t\t\t\t<\/div>\n\t\t<\/section>\n\t\t\t\t<section class=\"elementor-section elementor-top-section elementor-element elementor-element-ef43239 elementor-section-content-middle elementor-reverse-tablet elementor-reverse-mobile elementor-section-boxed elementor-section-height-default elementor-section-height-default\" data-id=\"ef43239\" data-element_type=\"section\" data-e-type=\"section\" data-settings=\"{&quot;background_background&quot;:&quot;classic&quot;}\">\n\t\t\t\t\t\t<div class=\"elementor-container elementor-column-gap-default\">\n\t\t\t\t\t<div class=\"elementor-column elementor-col-33 elementor-top-column elementor-element elementor-element-87e7558\" data-id=\"87e7558\" data-element_type=\"column\" data-e-type=\"column\">\n\t\t\t<div class=\"elementor-widget-wrap elementor-element-populated\">\n\t\t\t\t\t\t<div class=\"elementor-element elementor-element-7fb8582 elementor-widget elementor-widget-image\" data-id=\"7fb8582\" data-element_type=\"widget\" data-e-type=\"widget\" data-widget_type=\"image.default\">\n\t\t\t\t\t\t\t\t\t\t\t\t\t\t\t<img decoding=\"async\" width=\"717\" height=\"1024\" src=\"https:\/\/pros.com\/b2b\/wp-content\/uploads\/2025\/04\/2019-FFC_Cover_final-compressor-717x1024.png\" class=\"attachment-large size-large wp-image-63368\" alt=\"\" srcset=\"https:\/\/pros.com\/b2b\/wp-content\/uploads\/2025\/04\/2019-FFC_Cover_final-compressor-717x1024.png 717w, https:\/\/pros.com\/b2b\/wp-content\/uploads\/2025\/04\/2019-FFC_Cover_final-compressor-210x300.png 210w, https:\/\/pros.com\/b2b\/wp-content\/uploads\/2025\/04\/2019-FFC_Cover_final-compressor-768x1097.png 768w, https:\/\/pros.com\/b2b\/wp-content\/uploads\/2025\/04\/2019-FFC_Cover_final-compressor-1075x1536.png 1075w, https:\/\/pros.com\/b2b\/wp-content\/uploads\/2025\/04\/2019-FFC_Cover_final-compressor-1434x2048.png 1434w\" sizes=\"(max-width: 717px) 100vw, 717px\" \/>\t\t\t\t\t\t\t\t\t\t\t\t\t\t\t<\/div>\n\t\t\t\t\t<\/div>\n\t\t<\/div>\n\t\t\t\t<div class=\"elementor-column elementor-col-66 elementor-top-column elementor-element elementor-element-5ae01f4\" data-id=\"5ae01f4\" data-element_type=\"column\" data-e-type=\"column\">\n\t\t\t<div class=\"elementor-widget-wrap elementor-element-populated\">\n\t\t\t\t\t\t<div class=\"elementor-element elementor-element-4fd956d elementor-widget elementor-widget-heading\" data-id=\"4fd956d\" data-element_type=\"widget\" data-e-type=\"widget\" data-widget_type=\"heading.default\">\n\t\t\t\t\t<h2 class=\"elementor-heading-title elementor-size-default\">Holen Sie sich den wesentlichen Fahrplan des Vertriebsunternehmens f\u00fcr Innovationen<\/h2>\t\t\t\t<\/div>\n\t\t\t\t<div class=\"elementor-element elementor-element-f99b83d elementor-widget elementor-widget-text-editor\" data-id=\"f99b83d\" data-element_type=\"widget\" data-e-type=\"widget\" data-widget_type=\"text-editor.default\">\n\t\t\t\t\t\t\t\t\t<p>Die National Association of Wholesaler-Distributors (NAW) hat ihre neueste, bahnbrechende Forschungsstudie \"Innovate to Dominate\" ver\u00f6ffentlicht: The 12th Edition in the Facing the Forces of Change\u00ae Series\" ver\u00f6ffentlicht. Seit ihrer Einf\u00fchrung im Jahr 1982 liefert die angesehene \"Facing the Forces of Change Series\" der NAW immer wieder Erkenntnisse \u00fcber die allgemeine Zukunft des Gro\u00dfhandels und die Rolle der Gro\u00dfh\u00e4ndler-Distributoren. Innovate to Dominate\" ist bereits ein Bestseller und der unverzichtbare Innovationsfahrplan f\u00fcr jeden Vertriebsh\u00e4ndler. Der Hauptzweck dieser Studie ist es, den H\u00e4ndlern zu helfen, die Punkte zwischen den Kr\u00e4ften des Wandels und der Innovation des Gesch\u00e4ftsmodells der H\u00e4ndler zu verbinden. NAW ist stolz darauf, PROS als Sponsor der 12. Ausgabe zu haben.<\/p>\t\t\t\t\t\t\t\t<\/div>\n\t\t\t\t<div class=\"elementor-element elementor-element-0ff4797 btn-yellow elementor-widget elementor-widget-button\" data-id=\"0ff4797\" data-element_type=\"widget\" data-e-type=\"widget\" data-widget_type=\"button.default\">\n\t\t\t\t\t\t\t\t\t\t<a class=\"elementor-button elementor-button-link elementor-size-sm\" href=\"https:\/\/www.naw.org\/product\/innovate-to-dominate-12-edition-of-facing-the-forces-of-change-series\/\" target=\"_blank\">\n\t\t\t\t\t\t<span class=\"elementor-button-content-wrapper\">\n\t\t\t\t\t\t\t\t\t<span class=\"elementor-button-text\">Das Buch kaufen <\/span>\n\t\t\t\t\t<\/span>\n\t\t\t\t\t<\/a>\n\t\t\t\t\t\t\t\t<\/div>\n\t\t\t\t\t<\/div>\n\t\t<\/div>\n\t\t\t\t\t<\/div>\n\t\t<\/section>\n\t\t\t\t<section class=\"elementor-section elementor-top-section elementor-element elementor-element-19b6c5b elementor-section-boxed elementor-section-height-default elementor-section-height-default\" data-id=\"19b6c5b\" data-element_type=\"section\" data-e-type=\"section\" data-settings=\"{&quot;background_background&quot;:&quot;classic&quot;}\">\n\t\t\t\t\t\t<div class=\"elementor-container elementor-column-gap-default\">\n\t\t\t\t\t<div class=\"elementor-column elementor-col-66 elementor-top-column elementor-element elementor-element-186db4a\" data-id=\"186db4a\" data-element_type=\"column\" data-e-type=\"column\">\n\t\t\t<div class=\"elementor-widget-wrap elementor-element-populated\">\n\t\t\t\t\t\t<div class=\"elementor-element elementor-element-225cc64 elementor-widget elementor-widget-heading\" data-id=\"225cc64\" data-element_type=\"widget\" data-e-type=\"widget\" data-widget_type=\"heading.default\">\n\t\t\t\t\t<h2 class=\"elementor-heading-title elementor-size-default\">\u00dcber NAW<\/h2>\t\t\t\t<\/div>\n\t\t\t\t<div class=\"elementor-element elementor-element-1e409c4 elementor-widget elementor-widget-text-editor\" data-id=\"1e409c4\" data-element_type=\"widget\" data-e-type=\"widget\" data-widget_type=\"text-editor.default\">\n\t\t\t\t\t\t\t\t\t<p>Die National Association of Wholesaler-Distributors (NAW) besteht aus direkten Mitgliedsunternehmen und einem Verband internationaler, nationaler, regionaler, staatlicher und lokaler Verb\u00e4nde und deren Mitgliedsunternehmen, die zusammen mehr als 30.000 Arbeitgeber mit Standorten in allen 50 Staaten und dem District of Columbia umfassen. Die NAW-Mitgliedsunternehmen sind ein Kernst\u00fcck unserer Wirtschaft - das Bindeglied in der Marketingkette zwischen Herstellern und Einzelh\u00e4ndlern sowie gewerblichen, institutionellen und staatlichen Endverbrauchern. Die Unternehmen der Branche sind sehr unterschiedlich gro\u00df, besch\u00e4ftigen mehr als 5,9 Millionen amerikanische Arbeitnehmer und sind f\u00fcr $6,01 Billionen an j\u00e4hrlicher Wirtschaftst\u00e4tigkeit in den USA verantwortlich.<\/p>\t\t\t\t\t\t\t\t<\/div>\n\t\t\t\t<div class=\"elementor-element elementor-element-36c0521 btn-navy elementor-widget elementor-widget-button\" data-id=\"36c0521\" data-element_type=\"widget\" data-e-type=\"widget\" data-widget_type=\"button.default\">\n\t\t\t\t\t\t\t\t\t\t<a class=\"elementor-button elementor-button-link elementor-size-sm\" href=\"https:\/\/www.naw.org\/\" target=\"_blank\">\n\t\t\t\t\t\t<span class=\"elementor-button-content-wrapper\">\n\t\t\t\t\t\t\t\t\t<span class=\"elementor-button-text\">NAW-Website<\/span>\n\t\t\t\t\t<\/span>\n\t\t\t\t\t<\/a>\n\t\t\t\t\t\t\t\t<\/div>\n\t\t\t\t\t<\/div>\n\t\t<\/div>\n\t\t\t\t<div class=\"elementor-column elementor-col-33 elementor-top-column elementor-element elementor-element-c1eb31d\" data-id=\"c1eb31d\" data-element_type=\"column\" data-e-type=\"column\">\n\t\t\t<div class=\"elementor-widget-wrap elementor-element-populated\">\n\t\t\t\t\t\t<div class=\"elementor-element elementor-element-60b1db2 elementor-widget elementor-widget-heading\" data-id=\"60b1db2\" data-element_type=\"widget\" data-e-type=\"widget\" data-widget_type=\"heading.default\">\n\t\t\t\t\t<h2 class=\"elementor-heading-title elementor-size-default\">\u00dcber PROS\n<\/h2>\t\t\t\t<\/div>\n\t\t\t\t<div class=\"elementor-element elementor-element-627efb8 elementor-widget elementor-widget-text-editor\" data-id=\"627efb8\" data-element_type=\"widget\" data-e-type=\"widget\" data-widget_type=\"text-editor.default\">\n\t\t\t\t\t\t\t\t\t<p>PROS Holdings, Inc. (NYSE: PRO) bietet KI-gest\u00fctzte L\u00f6sungen zur Optimierung des Verkaufs in der digitalen Wirtschaft. Die L\u00f6sungen von PROS erm\u00f6glichen es Unternehmen, ihre Produkte und Dienstleistungen in einer Omnichannel-Umgebung schnell, pr\u00e4zise und konsistent zu bepreisen, zu konfigurieren und zu verkaufen. Unsere Kunden, die in ihren M\u00e4rkten f\u00fchrend sind, profitieren von jahrzehntelanger Erfahrung in der Datenwissenschaft, die in unsere Branchenl\u00f6sungen eingeflossen ist.<\/p>\t\t\t\t\t\t\t\t<\/div>\n\t\t\t\t\t<\/div>\n\t\t<\/div>\n\t\t\t\t\t<\/div>\n\t\t<\/section>\n\t\t\t\t<\/div>","protected":false},"excerpt":{"rendered":"<p>NAW and PROS Partnership NAW and PROS are partnering to provide wholesaler-distributors with essential tools to help their digital transformation journey. Through a series of webinars, podcasts, and NAW\u2019s \u201cInnovate to Dominate\u201d research study itself, we look forward to outlining the roadmap for distributors to create B2B innovation and get ahead of the increasingly disruptive [&hellip;]<\/p>\n","protected":false},"author":11,"featured_media":0,"parent":0,"menu_order":0,"comment_status":"closed","ping_status":"closed","template":"","meta":{"_acf_changed":false,"inline_featured_image":false,"footnotes":""},"class_list":["post-63365","page","type-page","status-publish","hentry"],"acf":[],"yoast_head":"<!-- This site is optimized with the Yoast SEO Premium plugin v26.7 (Yoast SEO v27.5) - https:\/\/yoast.com\/product\/yoast-seo-premium-wordpress\/ -->\n<title>NAW Partnership | PROS B2B<\/title>\n<meta name=\"robots\" content=\"index, follow, max-snippet:-1, max-image-preview:large, max-video-preview:-1\" \/>\n<link rel=\"canonical\" href=\"https:\/\/pros.com\/b2b\/de\/naw-partnership\/\" \/>\n<meta property=\"og:locale\" content=\"de_DE\" \/>\n<meta property=\"og:type\" content=\"article\" \/>\n<meta property=\"og:title\" content=\"NAW Partnership\" \/>\n<meta property=\"og:description\" content=\"NAW and PROS Partnership NAW and PROS are partnering to provide wholesaler-distributors with essential tools to help their digital transformation journey. Through a series of webinars, podcasts, and NAW\u2019s \u201cInnovate to Dominate\u201d research study itself, we look forward to outlining the roadmap for distributors to create B2B innovation and get ahead of the increasingly disruptive [&hellip;]\" \/>\n<meta property=\"og:url\" content=\"https:\/\/pros.com\/b2b\/de\/naw-partnership\/\" \/>\n<meta property=\"og:site_name\" content=\"PROS B2B\" \/>\n<meta property=\"article:publisher\" content=\"https:\/\/www.facebook.com\/PROSInc\" \/>\n<meta property=\"article:modified_time\" content=\"2025-08-21T08:51:11+00:00\" \/>\n<meta property=\"og:image\" content=\"https:\/\/pros.com\/b2b\/\/wp-content\/uploads\/2025\/04\/NAW-PROS-logos.png\" \/>\n<meta name=\"twitter:card\" content=\"summary_large_image\" \/>\n<meta name=\"twitter:site\" content=\"@PROS_Inc\" \/>\n<script type=\"application\/ld+json\" class=\"yoast-schema-graph\">{\"@context\":\"https:\\\/\\\/schema.org\",\"@graph\":[{\"@type\":\"WebPage\",\"@id\":\"https:\\\/\\\/pros.com\\\/b2b\\\/naw-partnership\\\/\",\"url\":\"https:\\\/\\\/pros.com\\\/b2b\\\/naw-partnership\\\/\",\"name\":\"NAW Partnership | PROS B2B\",\"isPartOf\":{\"@id\":\"https:\\\/\\\/pros.com\\\/b2b\\\/#website\"},\"primaryImageOfPage\":{\"@id\":\"https:\\\/\\\/pros.com\\\/b2b\\\/naw-partnership\\\/#primaryimage\"},\"image\":{\"@id\":\"https:\\\/\\\/pros.com\\\/b2b\\\/naw-partnership\\\/#primaryimage\"},\"thumbnailUrl\":\"https:\\\/\\\/pros.com\\\/b2b\\\/\\\/wp-content\\\/uploads\\\/2025\\\/04\\\/NAW-PROS-logos.png\",\"datePublished\":\"2025-04-23T14:21:42+00:00\",\"dateModified\":\"2025-08-21T08:51:11+00:00\",\"breadcrumb\":{\"@id\":\"https:\\\/\\\/pros.com\\\/b2b\\\/naw-partnership\\\/#breadcrumb\"},\"inLanguage\":\"de\",\"potentialAction\":[{\"@type\":\"ReadAction\",\"target\":[\"https:\\\/\\\/pros.com\\\/b2b\\\/naw-partnership\\\/\"]}]},{\"@type\":\"ImageObject\",\"inLanguage\":\"de\",\"@id\":\"https:\\\/\\\/pros.com\\\/b2b\\\/naw-partnership\\\/#primaryimage\",\"url\":\"https:\\\/\\\/pros.com\\\/b2b\\\/\\\/wp-content\\\/uploads\\\/2025\\\/04\\\/NAW-PROS-logos.png\",\"contentUrl\":\"https:\\\/\\\/pros.com\\\/b2b\\\/\\\/wp-content\\\/uploads\\\/2025\\\/04\\\/NAW-PROS-logos.png\"},{\"@type\":\"BreadcrumbList\",\"@id\":\"https:\\\/\\\/pros.com\\\/b2b\\\/naw-partnership\\\/#breadcrumb\",\"itemListElement\":[{\"@type\":\"ListItem\",\"position\":1,\"name\":\"Home\",\"item\":\"https:\\\/\\\/pros.com\\\/b2b\\\/\"},{\"@type\":\"ListItem\",\"position\":2,\"name\":\"NAW Partnership\"}]},{\"@type\":\"WebSite\",\"@id\":\"https:\\\/\\\/pros.com\\\/b2b\\\/#website\",\"url\":\"https:\\\/\\\/pros.com\\\/b2b\\\/\",\"name\":\"PROS\",\"description\":\"AI-Powered CPQ, Dynamic Pricing, &amp; Revenue Software\",\"publisher\":{\"@id\":\"https:\\\/\\\/pros.com\\\/b2b\\\/#organization\"},\"potentialAction\":[{\"@type\":\"SearchAction\",\"target\":{\"@type\":\"EntryPoint\",\"urlTemplate\":\"https:\\\/\\\/pros.com\\\/b2b\\\/?s={search_term_string}\"},\"query-input\":{\"@type\":\"PropertyValueSpecification\",\"valueRequired\":true,\"valueName\":\"search_term_string\"}}],\"inLanguage\":\"de\"},{\"@type\":\"Organization\",\"@id\":\"https:\\\/\\\/pros.com\\\/b2b\\\/#organization\",\"name\":\"PROS, Inc.\",\"url\":\"https:\\\/\\\/pros.com\\\/b2b\\\/\",\"logo\":{\"@type\":\"ImageObject\",\"inLanguage\":\"de\",\"@id\":\"https:\\\/\\\/pros.com\\\/b2b\\\/#\\\/schema\\\/logo\\\/image\\\/\",\"url\":\"https:\\\/\\\/pros.com\\\/b2b\\\/\\\/wp-content\\\/uploads\\\/2025\\\/04\\\/Pros-logo-1.png\",\"contentUrl\":\"https:\\\/\\\/pros.com\\\/b2b\\\/\\\/wp-content\\\/uploads\\\/2025\\\/04\\\/Pros-logo-1.png\",\"width\":262,\"height\":75,\"caption\":\"PROS, Inc.\"},\"image\":{\"@id\":\"https:\\\/\\\/pros.com\\\/b2b\\\/#\\\/schema\\\/logo\\\/image\\\/\"},\"sameAs\":[\"https:\\\/\\\/www.facebook.com\\\/PROSInc\",\"https:\\\/\\\/x.com\\\/PROS_Inc\",\"https:\\\/\\\/www.instagram.com\\\/pros.inc\\\/\",\"https:\\\/\\\/www.linkedin.com\\\/company\\\/pros\\\/\",\"https:\\\/\\\/www.youtube.com\\\/user\\\/PROSpricing\"]}]}<\/script>\n<!-- \/ Yoast SEO Premium plugin. -->","yoast_head_json":{"title":"NAW-Partnerschaft | PROS B2B","robots":{"index":"index","follow":"follow","max-snippet":"max-snippet:-1","max-image-preview":"max-image-preview:large","max-video-preview":"max-video-preview:-1"},"canonical":"https:\/\/pros.com\/b2b\/de\/naw-partnership\/","og_locale":"de_DE","og_type":"article","og_title":"NAW Partnership","og_description":"NAW and PROS Partnership NAW and PROS are partnering to provide wholesaler-distributors with essential tools to help their digital transformation journey. Through a series of webinars, podcasts, and NAW\u2019s \u201cInnovate to Dominate\u201d research study itself, we look forward to outlining the roadmap for distributors to create B2B innovation and get ahead of the increasingly disruptive [&hellip;]","og_url":"https:\/\/pros.com\/b2b\/de\/naw-partnership\/","og_site_name":"PROS B2B","article_publisher":"https:\/\/www.facebook.com\/PROSInc","article_modified_time":"2025-08-21T08:51:11+00:00","og_image":[{"url":"https:\/\/pros.com\/b2b\/\/wp-content\/uploads\/2025\/04\/NAW-PROS-logos.png","type":"","width":"","height":""}],"twitter_card":"summary_large_image","twitter_site":"@PROS_Inc","schema":{"@context":"https:\/\/schema.org","@graph":[{"@type":"WebPage","@id":"https:\/\/pros.com\/b2b\/naw-partnership\/","url":"https:\/\/pros.com\/b2b\/naw-partnership\/","name":"NAW-Partnerschaft | PROS B2B","isPartOf":{"@id":"https:\/\/pros.com\/b2b\/#website"},"primaryImageOfPage":{"@id":"https:\/\/pros.com\/b2b\/naw-partnership\/#primaryimage"},"image":{"@id":"https:\/\/pros.com\/b2b\/naw-partnership\/#primaryimage"},"thumbnailUrl":"https:\/\/pros.com\/b2b\/\/wp-content\/uploads\/2025\/04\/NAW-PROS-logos.png","datePublished":"2025-04-23T14:21:42+00:00","dateModified":"2025-08-21T08:51:11+00:00","breadcrumb":{"@id":"https:\/\/pros.com\/b2b\/naw-partnership\/#breadcrumb"},"inLanguage":"de","potentialAction":[{"@type":"ReadAction","target":["https:\/\/pros.com\/b2b\/naw-partnership\/"]}]},{"@type":"ImageObject","inLanguage":"de","@id":"https:\/\/pros.com\/b2b\/naw-partnership\/#primaryimage","url":"https:\/\/pros.com\/b2b\/\/wp-content\/uploads\/2025\/04\/NAW-PROS-logos.png","contentUrl":"https:\/\/pros.com\/b2b\/\/wp-content\/uploads\/2025\/04\/NAW-PROS-logos.png"},{"@type":"BreadcrumbList","@id":"https:\/\/pros.com\/b2b\/naw-partnership\/#breadcrumb","itemListElement":[{"@type":"ListItem","position":1,"name":"Home","item":"https:\/\/pros.com\/b2b\/"},{"@type":"ListItem","position":2,"name":"NAW Partnership"}]},{"@type":"WebSite","@id":"https:\/\/pros.com\/b2b\/#website","url":"https:\/\/pros.com\/b2b\/","name":"die intelligente Preisverwaltung von PROS integrieren,","description":"KI-gest\u00fctzte CPQ-, Dynamic Pricing- und Revenue-Software","publisher":{"@id":"https:\/\/pros.com\/b2b\/#organization"},"potentialAction":[{"@type":"SearchAction","target":{"@type":"EntryPoint","urlTemplate":"https:\/\/pros.com\/b2b\/?s={search_term_string}"},"query-input":{"@type":"PropertyValueSpecification","valueRequired":true,"valueName":"search_term_string"}}],"inLanguage":"de"},{"@type":"Organization","@id":"https:\/\/pros.com\/b2b\/#organization","name":"PROS, Inc.","url":"https:\/\/pros.com\/b2b\/","logo":{"@type":"ImageObject","inLanguage":"de","@id":"https:\/\/pros.com\/b2b\/#\/schema\/logo\/image\/","url":"https:\/\/pros.com\/b2b\/\/wp-content\/uploads\/2025\/04\/Pros-logo-1.png","contentUrl":"https:\/\/pros.com\/b2b\/\/wp-content\/uploads\/2025\/04\/Pros-logo-1.png","width":262,"height":75,"caption":"PROS, Inc."},"image":{"@id":"https:\/\/pros.com\/b2b\/#\/schema\/logo\/image\/"},"sameAs":["https:\/\/www.facebook.com\/PROSInc","https:\/\/x.com\/PROS_Inc","https:\/\/www.instagram.com\/pros.inc\/","https:\/\/www.linkedin.com\/company\/pros\/","https:\/\/www.youtube.com\/user\/PROSpricing"]}]}},"_links":{"self":[{"href":"https:\/\/pros.com\/b2b\/de\/wp-json\/wp\/v2\/pages\/63365","targetHints":{"allow":["GET"]}}],"collection":[{"href":"https:\/\/pros.com\/b2b\/de\/wp-json\/wp\/v2\/pages"}],"about":[{"href":"https:\/\/pros.com\/b2b\/de\/wp-json\/wp\/v2\/types\/page"}],"author":[{"embeddable":true,"href":"https:\/\/pros.com\/b2b\/de\/wp-json\/wp\/v2\/users\/11"}],"replies":[{"embeddable":true,"href":"https:\/\/pros.com\/b2b\/de\/wp-json\/wp\/v2\/comments?post=63365"}],"version-history":[{"count":0,"href":"https:\/\/pros.com\/b2b\/de\/wp-json\/wp\/v2\/pages\/63365\/revisions"}],"wp:attachment":[{"href":"https:\/\/pros.com\/b2b\/de\/wp-json\/wp\/v2\/media?parent=63365"}],"curies":[{"name":"wp","href":"https:\/\/api.w.org\/{rel}","templated":true}]}}