{"id":63170,"date":"2025-04-21T20:44:10","date_gmt":"2025-04-21T20:44:10","guid":{"rendered":"https:\/\/pros.com\/b2b\/\/?page_id=63170"},"modified":"2025-05-29T08:31:36","modified_gmt":"2025-05-29T08:31:36","slug":"contact-inquiries","status":"publish","type":"page","link":"https:\/\/pros.com\/b2b\/fr\/contact-inquiries\/","title":{"rendered":"Demandes G\u00e9n\u00e9rales"},"content":{"rendered":"<div data-elementor-type=\"wp-page\" data-elementor-id=\"63170\" class=\"elementor elementor-63170\" data-elementor-post-type=\"page\">\n\t\t\t\t<div class=\"elementor-element elementor-element-4a518eae e-con-full e-flex e-con e-child\" data-id=\"4a518eae\" data-element_type=\"container\" data-e-type=\"container\" id=\"subheader\" data-settings=\"{&quot;background_background&quot;:&quot;classic&quot;}\">\n\t\t<div class=\"elementor-element elementor-element-53cbe65d e-flex e-con-boxed e-con e-child\" data-id=\"53cbe65d\" data-element_type=\"container\" data-e-type=\"container\">\n\t\t\t\t\t<div class=\"e-con-inner\">\n\t\t\t\t<div class=\"elementor-element elementor-element-41900587 elementor-widget elementor-widget-heading\" data-id=\"41900587\" data-element_type=\"widget\" data-e-type=\"widget\" data-widget_type=\"heading.default\">\n\t\t\t\t\t<h1 class=\"elementor-heading-title elementor-size-default\">Demandes G\u00e9n\u00e9rales<\/h1>\t\t\t\t<\/div>\n\t\t\t\t\t<\/div>\n\t\t\t\t<\/div>\n\t\t\t\t<\/div>\n\t\t<div class=\"elementor-element elementor-element-f87bcb3 e-con-full e-flex e-con e-parent\" data-id=\"f87bcb3\" data-element_type=\"container\" data-e-type=\"container\">\n\t\t<div class=\"elementor-element elementor-element-3674960a e-flex e-con-boxed e-con e-child\" data-id=\"3674960a\" data-element_type=\"container\" data-e-type=\"container\">\n\t\t\t\t\t<div class=\"e-con-inner\">\n\t\t<div class=\"elementor-element elementor-element-2999a85b e-con-full e-flex e-con e-child\" data-id=\"2999a85b\" data-element_type=\"container\" data-e-type=\"container\">\n\t\t\t\t<div class=\"elementor-element elementor-element-6a3bea9 elementor-widget elementor-widget-heading\" data-id=\"6a3bea9\" data-element_type=\"widget\" data-e-type=\"widget\" data-widget_type=\"heading.default\">\n\t\t\t\t\t<h2 class=\"elementor-heading-title elementor-size-default\">Contacter notre \u00e9quipe<\/h2>\t\t\t\t<\/div>\n\t\t\t\t<div class=\"elementor-element elementor-element-43bac206 elementor-widget elementor-widget-text-editor\" data-id=\"43bac206\" data-element_type=\"widget\" data-e-type=\"widget\" data-widget_type=\"text-editor.default\">\n\t\t\t\t\t\t\t\t\t<p>Pour toute question d'ordre g\u00e9n\u00e9ral, veuillez nous contacter ici ou<br \/>appelez le <strong>+1-713-335-5105<\/strong>.<\/p><p>Vous souhaitez en savoir plus sur PROS ? Prenez contact avec nous pour d\u00e9couvrir comment nous aidons les entreprises \u00e0 s'adapter aux changements du march\u00e9, \u00e0 am\u00e9liorer leur efficacit\u00e9 et \u00e0 prendre des d\u00e9cisions plus judicieuses, qu'il s'agisse de tarification, de ventes ou de commerce digital. Nous sommes l\u00e0 pour r\u00e9pondre \u00e0 vos questions et vous orienter dans la bonne direction.<\/p><p>Si vous \u00eates \u00e0 la recherche d'opportunit\u00e9s de carri\u00e8re, veuillez consulter le site suivant : <a href=\"https:\/\/pros.com\/b2b\/fr\/about-pros\/careers\/\" target=\"_blank\" rel=\"noopener\">Carri\u00e8res<\/a>.<\/p>\t\t\t\t\t\t\t\t<\/div>\n\t\t\t\t<\/div>\n\t\t<div class=\"elementor-element elementor-element-5c86369 e-con-full e-flex e-con e-child\" data-id=\"5c86369\" data-element_type=\"container\" data-e-type=\"container\">\n\t\t<div class=\"elementor-element elementor-element-11ebca3 e-con-full e-flex e-con e-child\" data-id=\"11ebca3\" data-element_type=\"container\" data-e-type=\"container\" data-settings=\"{&quot;background_background&quot;:&quot;classic&quot;}\">\n\t\t\t\t<div class=\"elementor-element elementor-element-5c6dd84 elementor-widget elementor-widget-heading\" data-id=\"5c6dd84\" data-element_type=\"widget\" data-e-type=\"widget\" data-widget_type=\"heading.default\">\n\t\t\t\t\t<h2 class=\"elementor-heading-title elementor-size-default\">Demandes G\u00e9n\u00e9rales<\/h2>\t\t\t\t<\/div>\n\t\t\t\t<div class=\"elementor-element elementor-element-806e05e elementor-widget elementor-widget-marketo-form\" data-id=\"806e05e\" data-element_type=\"widget\" data-e-type=\"widget\" data-settings=\"{&quot;form_id&quot;:&quot;3277&quot;,&quot;thank_you_message&quot;:&quot;Thank You for your interest in PROS. A representative from the PROS team will get in touch shortly.&quot;,&quot;fastlane_id&quot;:&quot;2605903&quot;}\" data-widget_type=\"marketo-form.default\">\n\t\t\t\t<div class=\"elementor-widget-container\">\n\t\t\t\t\t<script>window.tkmessage=\"Thank You for your interest in PROS. A representative from the PROS team will get in touch shortly.\";<\/script><script>window.driftFastlaneID=\"2605903\";<\/script><form class=\"marketo\" id=\"mktoForm_3277\"  data-form=\"3277\" action=\"\"><input type=\"hidden\" name=\"trp-form-language\" value=\"fr\"\/><\/form>\t\t\t\t<\/div>\n\t\t\t\t<\/div>\n\t\t<div class=\"elementor-element elementor-element-2c0752d e-con-full e-flex e-con e-child\" data-id=\"2c0752d\" data-element_type=\"container\" data-e-type=\"container\">\n\t\t\t\t<div class=\"elementor-element elementor-element-6d3195a elementor-widget elementor-widget-text-editor\" data-id=\"6d3195a\" data-element_type=\"widget\" data-e-type=\"widget\" data-widget_type=\"text-editor.default\">\n\t\t\t\t\t\t\t\t\t<p>* Champs obligatoires<\/p>\t\t\t\t\t\t\t\t<\/div>\n\t\t\t\t<div class=\"elementor-element elementor-element-d9a1d2f btn-subhead elementor-widget elementor-widget-button\" data-id=\"d9a1d2f\" data-element_type=\"widget\" data-e-type=\"widget\" data-widget_type=\"button.default\">\n\t\t\t\t\t\t\t\t\t\t<a class=\"elementor-button elementor-size-sm\" role=\"button\">\n\t\t\t\t\t\t<span class=\"elementor-button-content-wrapper\">\n\t\t\t\t\t\t<span class=\"elementor-button-icon\">\n\t\t\t\t<i aria-hidden=\"true\" class=\"icon icon-arrow-right-21\"><\/i>\t\t\t<\/span>\n\t\t\t\t\t\t\t\t\t<span class=\"elementor-button-text\">Politique de confidentialit\u00e9<\/span>\n\t\t\t\t\t<\/span>\n\t\t\t\t\t<\/a>\n\t\t\t\t\t\t\t\t<\/div>\n\t\t\t\t<\/div>\n\t\t\t\t<\/div>\n\t\t\t\t<\/div>\n\t\t\t\t\t<\/div>\n\t\t\t\t<\/div>\n\t\t\t\t<\/div>\n\t\t\t\t<\/div>","protected":false},"excerpt":{"rendered":"<p>Connect With Our Team For all general inquiries, please contact us here orcall +1-713-335-5105. Interested in learning more about PROS? Get in touch to explore how we help businesses navigate market changes, improve efficiency, and make smarter decisions\u2014whether you&#8217;re focused on pricing, sales, or digital commerce. We&#8217;re here to answer your questions and point you [&hellip;]<\/p>\n","protected":false},"author":7,"featured_media":0,"parent":0,"menu_order":0,"comment_status":"closed","ping_status":"closed","template":"","meta":{"_acf_changed":false,"inline_featured_image":false,"footnotes":""},"class_list":["post-63170","page","type-page","status-publish","hentry"],"acf":[],"yoast_head":"<!-- This site is optimized with the Yoast SEO Premium plugin v26.7 (Yoast SEO v27.3) - https:\/\/yoast.com\/product\/yoast-seo-premium-wordpress\/ -->\n<title>General Inquiries | PROS B2B<\/title>\n<meta name=\"description\" content=\"Connect with the PROS team for general inquiries or support\u2014reach out online or call us directly to get the information and assistance you need!\" \/>\n<meta name=\"robots\" content=\"index, follow, max-snippet:-1, max-image-preview:large, max-video-preview:-1\" \/>\n<link rel=\"canonical\" href=\"https:\/\/pros.com\/b2b\/fr\/contact-inquiries\/\" \/>\n<meta property=\"og:locale\" content=\"fr_FR\" \/>\n<meta property=\"og:type\" content=\"article\" \/>\n<meta property=\"og:title\" content=\"General Inquiries\" \/>\n<meta property=\"og:description\" content=\"Connect with the PROS team for general inquiries or support\u2014reach out online or call us directly to get the information and assistance you need!\" \/>\n<meta property=\"og:url\" content=\"https:\/\/pros.com\/b2b\/fr\/contact-inquiries\/\" \/>\n<meta property=\"og:site_name\" content=\"PROS B2B\" \/>\n<meta property=\"article:publisher\" content=\"https:\/\/www.facebook.com\/PROSInc\" \/>\n<meta property=\"article:modified_time\" content=\"2025-05-29T08:31:36+00:00\" \/>\n<meta property=\"og:image\" content=\"https:\/\/pros.com\/b2b\/wp-content\/uploads\/2025\/05\/PROS_logo_512x512.png\" \/>\n\t<meta property=\"og:image:width\" content=\"512\" \/>\n\t<meta property=\"og:image:height\" content=\"512\" \/>\n\t<meta property=\"og:image:type\" content=\"image\/png\" \/>\n<meta name=\"twitter:card\" content=\"summary_large_image\" \/>\n<meta name=\"twitter:site\" content=\"@PROS_Inc\" \/>\n<script type=\"application\/ld+json\" class=\"yoast-schema-graph\">{\"@context\":\"https:\\\/\\\/schema.org\",\"@graph\":[{\"@type\":\"WebPage\",\"@id\":\"https:\\\/\\\/pros.com\\\/b2b\\\/contact-inquiries\\\/\",\"url\":\"https:\\\/\\\/pros.com\\\/b2b\\\/contact-inquiries\\\/\",\"name\":\"General Inquiries | PROS B2B\",\"isPartOf\":{\"@id\":\"https:\\\/\\\/pros.com\\\/b2b\\\/#website\"},\"datePublished\":\"2025-04-21T20:44:10+00:00\",\"dateModified\":\"2025-05-29T08:31:36+00:00\",\"description\":\"Connect with the PROS team for general inquiries or support\u2014reach out online or call us directly to get the information and assistance you need!\",\"breadcrumb\":{\"@id\":\"https:\\\/\\\/pros.com\\\/b2b\\\/contact-inquiries\\\/#breadcrumb\"},\"inLanguage\":\"fr-FR\",\"potentialAction\":[{\"@type\":\"ReadAction\",\"target\":[\"https:\\\/\\\/pros.com\\\/b2b\\\/contact-inquiries\\\/\"]}]},{\"@type\":\"BreadcrumbList\",\"@id\":\"https:\\\/\\\/pros.com\\\/b2b\\\/contact-inquiries\\\/#breadcrumb\",\"itemListElement\":[{\"@type\":\"ListItem\",\"position\":1,\"name\":\"Home\",\"item\":\"https:\\\/\\\/pros.com\\\/b2b\\\/\"},{\"@type\":\"ListItem\",\"position\":2,\"name\":\"General Inquiries\"}]},{\"@type\":\"WebSite\",\"@id\":\"https:\\\/\\\/pros.com\\\/b2b\\\/#website\",\"url\":\"https:\\\/\\\/pros.com\\\/b2b\\\/\",\"name\":\"PROS\",\"description\":\"AI-Powered CPQ, Dynamic Pricing, &amp; Revenue Software\",\"publisher\":{\"@id\":\"https:\\\/\\\/pros.com\\\/b2b\\\/#organization\"},\"potentialAction\":[{\"@type\":\"SearchAction\",\"target\":{\"@type\":\"EntryPoint\",\"urlTemplate\":\"https:\\\/\\\/pros.com\\\/b2b\\\/?s={search_term_string}\"},\"query-input\":{\"@type\":\"PropertyValueSpecification\",\"valueRequired\":true,\"valueName\":\"search_term_string\"}}],\"inLanguage\":\"fr-FR\"},{\"@type\":\"Organization\",\"@id\":\"https:\\\/\\\/pros.com\\\/b2b\\\/#organization\",\"name\":\"PROS, Inc.\",\"url\":\"https:\\\/\\\/pros.com\\\/b2b\\\/\",\"logo\":{\"@type\":\"ImageObject\",\"inLanguage\":\"fr-FR\",\"@id\":\"https:\\\/\\\/pros.com\\\/b2b\\\/#\\\/schema\\\/logo\\\/image\\\/\",\"url\":\"https:\\\/\\\/pros.com\\\/b2b\\\/\\\/wp-content\\\/uploads\\\/2025\\\/04\\\/Pros-logo-1.png\",\"contentUrl\":\"https:\\\/\\\/pros.com\\\/b2b\\\/\\\/wp-content\\\/uploads\\\/2025\\\/04\\\/Pros-logo-1.png\",\"width\":262,\"height\":75,\"caption\":\"PROS, Inc.\"},\"image\":{\"@id\":\"https:\\\/\\\/pros.com\\\/b2b\\\/#\\\/schema\\\/logo\\\/image\\\/\"},\"sameAs\":[\"https:\\\/\\\/www.facebook.com\\\/PROSInc\",\"https:\\\/\\\/x.com\\\/PROS_Inc\",\"https:\\\/\\\/www.instagram.com\\\/pros.inc\\\/\",\"https:\\\/\\\/www.linkedin.com\\\/company\\\/pros\\\/\",\"https:\\\/\\\/www.youtube.com\\\/user\\\/PROSpricing\"]}]}<\/script>\n<!-- \/ Yoast SEO Premium plugin. -->","yoast_head_json":{"title":"Renseignements g\u00e9n\u00e9raux | PROS B2B","description":"Contactez l'\u00e9quipe de PROS pour des questions d'ordre g\u00e9n\u00e9ral ou d'assistance - contactez-nous en ligne ou appelez-nous directement pour obtenir les informations et l'assistance dont vous avez besoin !","robots":{"index":"index","follow":"follow","max-snippet":"max-snippet:-1","max-image-preview":"max-image-preview:large","max-video-preview":"max-video-preview:-1"},"canonical":"https:\/\/pros.com\/b2b\/fr\/contact-inquiries\/","og_locale":"fr_FR","og_type":"article","og_title":"General Inquiries","og_description":"Connect with the PROS team for general inquiries or support\u2014reach out online or call us directly to get the information and assistance you need!","og_url":"https:\/\/pros.com\/b2b\/fr\/contact-inquiries\/","og_site_name":"PROS B2B","article_publisher":"https:\/\/www.facebook.com\/PROSInc","article_modified_time":"2025-05-29T08:31:36+00:00","og_image":[{"width":512,"height":512,"url":"https:\/\/pros.com\/b2b\/wp-content\/uploads\/2025\/05\/PROS_logo_512x512.png","type":"image\/png"}],"twitter_card":"summary_large_image","twitter_site":"@PROS_Inc","schema":{"@context":"https:\/\/schema.org","@graph":[{"@type":"WebPage","@id":"https:\/\/pros.com\/b2b\/contact-inquiries\/","url":"https:\/\/pros.com\/b2b\/contact-inquiries\/","name":"Renseignements g\u00e9n\u00e9raux | PROS B2B","isPartOf":{"@id":"https:\/\/pros.com\/b2b\/#website"},"datePublished":"2025-04-21T20:44:10+00:00","dateModified":"2025-05-29T08:31:36+00:00","description":"Contactez l'\u00e9quipe de PROS pour des questions d'ordre g\u00e9n\u00e9ral ou d'assistance - contactez-nous en ligne ou appelez-nous directement pour obtenir les informations et l'assistance dont vous avez besoin !","breadcrumb":{"@id":"https:\/\/pros.com\/b2b\/contact-inquiries\/#breadcrumb"},"inLanguage":"fr-FR","potentialAction":[{"@type":"ReadAction","target":["https:\/\/pros.com\/b2b\/contact-inquiries\/"]}]},{"@type":"BreadcrumbList","@id":"https:\/\/pros.com\/b2b\/contact-inquiries\/#breadcrumb","itemListElement":[{"@type":"ListItem","position":1,"name":"Home","item":"https:\/\/pros.com\/b2b\/"},{"@type":"ListItem","position":2,"name":"General Inquiries"}]},{"@type":"WebSite","@id":"https:\/\/pros.com\/b2b\/#website","url":"https:\/\/pros.com\/b2b\/","name":"PROS","description":"Logiciel de CPQ, de tarification dynamique et de chiffre d'affaires aliment\u00e9 par l'IA","publisher":{"@id":"https:\/\/pros.com\/b2b\/#organization"},"potentialAction":[{"@type":"SearchAction","target":{"@type":"EntryPoint","urlTemplate":"https:\/\/pros.com\/b2b\/?s={search_term_string}"},"query-input":{"@type":"PropertyValueSpecification","valueRequired":true,"valueName":"search_term_string"}}],"inLanguage":"fr-FR"},{"@type":"Organization","@id":"https:\/\/pros.com\/b2b\/#organization","name":"PROS, Inc.","url":"https:\/\/pros.com\/b2b\/","logo":{"@type":"ImageObject","inLanguage":"fr-FR","@id":"https:\/\/pros.com\/b2b\/#\/schema\/logo\/image\/","url":"https:\/\/pros.com\/b2b\/\/wp-content\/uploads\/2025\/04\/Pros-logo-1.png","contentUrl":"https:\/\/pros.com\/b2b\/\/wp-content\/uploads\/2025\/04\/Pros-logo-1.png","width":262,"height":75,"caption":"PROS, Inc."},"image":{"@id":"https:\/\/pros.com\/b2b\/#\/schema\/logo\/image\/"},"sameAs":["https:\/\/www.facebook.com\/PROSInc","https:\/\/x.com\/PROS_Inc","https:\/\/www.instagram.com\/pros.inc\/","https:\/\/www.linkedin.com\/company\/pros\/","https:\/\/www.youtube.com\/user\/PROSpricing"]}]}},"_links":{"self":[{"href":"https:\/\/pros.com\/b2b\/fr\/wp-json\/wp\/v2\/pages\/63170","targetHints":{"allow":["GET"]}}],"collection":[{"href":"https:\/\/pros.com\/b2b\/fr\/wp-json\/wp\/v2\/pages"}],"about":[{"href":"https:\/\/pros.com\/b2b\/fr\/wp-json\/wp\/v2\/types\/page"}],"author":[{"embeddable":true,"href":"https:\/\/pros.com\/b2b\/fr\/wp-json\/wp\/v2\/users\/7"}],"replies":[{"embeddable":true,"href":"https:\/\/pros.com\/b2b\/fr\/wp-json\/wp\/v2\/comments?post=63170"}],"version-history":[{"count":0,"href":"https:\/\/pros.com\/b2b\/fr\/wp-json\/wp\/v2\/pages\/63170\/revisions"}],"wp:attachment":[{"href":"https:\/\/pros.com\/b2b\/fr\/wp-json\/wp\/v2\/media?parent=63170"}],"curies":[{"name":"wp","href":"https:\/\/api.w.org\/{rel}","templated":true}]}}