{"id":63365,"date":"2025-04-23T14:21:42","date_gmt":"2025-04-23T14:21:42","guid":{"rendered":"https:\/\/pros.com\/b2b\/\/?page_id=63365"},"modified":"2025-08-21T08:51:11","modified_gmt":"2025-08-21T08:51:11","slug":"naw-partnership","status":"publish","type":"page","link":"https:\/\/pros.com\/b2b\/fr\/naw-partnership\/","title":{"rendered":"Partenariat NAW"},"content":{"rendered":"<div data-elementor-type=\"wp-page\" data-elementor-id=\"63365\" class=\"elementor elementor-63365\" data-elementor-post-type=\"page\">\n\t\t\t\t<div class=\"elementor-element elementor-element-534030f e-flex e-con-boxed e-con e-parent\" data-id=\"534030f\" data-element_type=\"container\" data-e-type=\"container\">\n\t\t\t\t\t<div class=\"e-con-inner\">\n\t\t\t\t<div class=\"elementor-element elementor-element-3f28f42 elementor-widget elementor-widget-heading\" data-id=\"3f28f42\" data-element_type=\"widget\" data-e-type=\"widget\" data-widget_type=\"heading.default\">\n\t\t\t\t\t<h1 class=\"elementor-heading-title elementor-size-default\">Partenariat NAW et PROS<\/h1>\t\t\t\t<\/div>\n\t\t\t\t\t<\/div>\n\t\t\t\t<\/div>\n\t\t\t\t<section class=\"elementor-section elementor-top-section elementor-element elementor-element-1670f15 elementor-section-boxed elementor-section-height-default elementor-section-height-default\" data-id=\"1670f15\" data-element_type=\"section\" data-e-type=\"section\">\n\t\t\t\t\t\t<div class=\"elementor-container elementor-column-gap-default\">\n\t\t\t\t\t<div class=\"elementor-column elementor-col-66 elementor-top-column elementor-element elementor-element-5f3ac20\" data-id=\"5f3ac20\" data-element_type=\"column\" data-e-type=\"column\">\n\t\t\t<div class=\"elementor-widget-wrap elementor-element-populated\">\n\t\t\t\t\t\t<div class=\"elementor-element elementor-element-674a605 elementor-widget elementor-widget-image\" data-id=\"674a605\" data-element_type=\"widget\" data-e-type=\"widget\" data-widget_type=\"image.default\">\n\t\t\t\t\t\t\t\t\t\t\t\t\t\t\t<img decoding=\"async\" width=\"299\" height=\"61\" src=\"https:\/\/pros.com\/b2b\/wp-content\/uploads\/2025\/04\/NAW-PROS-logos.png\" class=\"attachment-large size-large wp-image-63366\" alt=\"\" \/>\t\t\t\t\t\t\t\t\t\t\t\t\t\t\t<\/div>\n\t\t\t\t<div class=\"elementor-element elementor-element-f0b7319 elementor-widget elementor-widget-text-editor\" data-id=\"f0b7319\" data-element_type=\"widget\" data-e-type=\"widget\" data-widget_type=\"text-editor.default\">\n\t\t\t\t\t\t\t\t\t<p>NAW et PROS s'associent pour fournir aux grossistes-distributeurs des outils essentiels pour les aider dans leur parcours de transformation num\u00e9rique. Gr\u00e2ce \u00e0 une s\u00e9rie de webinaires, de podcasts et \u00e0 l'\u00e9tude de NAW intitul\u00e9e \"Innover pour dominer\", nous sommes impatients de pr\u00e9senter la feuille de route des distributeurs pour cr\u00e9er l'innovation B2B et devancer les forces de plus en plus perturbatrices et transformationnelles. Les distributeurs ne verront pas seulement l'avenir de la distribution, mais ils s'y engageront avec des solutions \u00e9volutives de classe mondiale.<\/p>\t\t\t\t\t\t\t\t<\/div>\n\t\t\t\t<div class=\"elementor-element elementor-element-42e287a btn-navy elementor-widget elementor-widget-button\" data-id=\"42e287a\" data-element_type=\"widget\" data-e-type=\"widget\" data-widget_type=\"button.default\">\n\t\t\t\t\t\t\t\t\t\t<a class=\"elementor-button elementor-button-link elementor-size-sm\" href=\"#podcast\">\n\t\t\t\t\t\t<span class=\"elementor-button-content-wrapper\">\n\t\t\t\t\t\t\t\t\t<span class=\"elementor-button-text\">Consultez notre podcast <\/span>\n\t\t\t\t\t<\/span>\n\t\t\t\t\t<\/a>\n\t\t\t\t\t\t\t\t<\/div>\n\t\t\t\t\t<\/div>\n\t\t<\/div>\n\t\t\t\t<div class=\"elementor-column elementor-col-33 elementor-top-column elementor-element elementor-element-576f2dc\" data-id=\"576f2dc\" data-element_type=\"column\" data-e-type=\"column\">\n\t\t\t<div class=\"elementor-widget-wrap elementor-element-populated\">\n\t\t\t\t\t\t<div class=\"elementor-element elementor-element-4fe2b6b elementor-widget elementor-widget-image\" data-id=\"4fe2b6b\" data-element_type=\"widget\" data-e-type=\"widget\" data-widget_type=\"image.default\">\n\t\t\t\t\t\t\t\t\t\t\t\t\t\t\t<img fetchpriority=\"high\" decoding=\"async\" width=\"600\" height=\"244\" src=\"https:\/\/pros.com\/b2b\/wp-content\/uploads\/2025\/04\/Innovate-to-Dominate.jpg\" class=\"attachment-large size-large wp-image-63367\" alt=\"\" srcset=\"https:\/\/pros.com\/b2b\/wp-content\/uploads\/2025\/04\/Innovate-to-Dominate.jpg 600w, https:\/\/pros.com\/b2b\/wp-content\/uploads\/2025\/04\/Innovate-to-Dominate-300x122.jpg 300w\" sizes=\"(max-width: 600px) 100vw, 600px\" \/>\t\t\t\t\t\t\t\t\t\t\t\t\t\t\t<\/div>\n\t\t\t\t\t<\/div>\n\t\t<\/div>\n\t\t\t\t\t<\/div>\n\t\t<\/section>\n\t\t\t\t<section class=\"elementor-section elementor-top-section elementor-element elementor-element-ef43239 elementor-section-content-middle elementor-reverse-tablet elementor-reverse-mobile elementor-section-boxed elementor-section-height-default elementor-section-height-default\" data-id=\"ef43239\" data-element_type=\"section\" data-e-type=\"section\" data-settings=\"{&quot;background_background&quot;:&quot;classic&quot;}\">\n\t\t\t\t\t\t<div class=\"elementor-container elementor-column-gap-default\">\n\t\t\t\t\t<div class=\"elementor-column elementor-col-33 elementor-top-column elementor-element elementor-element-87e7558\" data-id=\"87e7558\" data-element_type=\"column\" data-e-type=\"column\">\n\t\t\t<div class=\"elementor-widget-wrap elementor-element-populated\">\n\t\t\t\t\t\t<div class=\"elementor-element elementor-element-7fb8582 elementor-widget elementor-widget-image\" data-id=\"7fb8582\" data-element_type=\"widget\" data-e-type=\"widget\" data-widget_type=\"image.default\">\n\t\t\t\t\t\t\t\t\t\t\t\t\t\t\t<img decoding=\"async\" width=\"717\" height=\"1024\" src=\"https:\/\/pros.com\/b2b\/wp-content\/uploads\/2025\/04\/2019-FFC_Cover_final-compressor-717x1024.png\" class=\"attachment-large size-large wp-image-63368\" alt=\"\" srcset=\"https:\/\/pros.com\/b2b\/wp-content\/uploads\/2025\/04\/2019-FFC_Cover_final-compressor-717x1024.png 717w, https:\/\/pros.com\/b2b\/wp-content\/uploads\/2025\/04\/2019-FFC_Cover_final-compressor-210x300.png 210w, https:\/\/pros.com\/b2b\/wp-content\/uploads\/2025\/04\/2019-FFC_Cover_final-compressor-768x1097.png 768w, https:\/\/pros.com\/b2b\/wp-content\/uploads\/2025\/04\/2019-FFC_Cover_final-compressor-1075x1536.png 1075w, https:\/\/pros.com\/b2b\/wp-content\/uploads\/2025\/04\/2019-FFC_Cover_final-compressor-1434x2048.png 1434w\" sizes=\"(max-width: 717px) 100vw, 717px\" \/>\t\t\t\t\t\t\t\t\t\t\t\t\t\t\t<\/div>\n\t\t\t\t\t<\/div>\n\t\t<\/div>\n\t\t\t\t<div class=\"elementor-column elementor-col-66 elementor-top-column elementor-element elementor-element-5ae01f4\" data-id=\"5ae01f4\" data-element_type=\"column\" data-e-type=\"column\">\n\t\t\t<div class=\"elementor-widget-wrap elementor-element-populated\">\n\t\t\t\t\t\t<div class=\"elementor-element elementor-element-4fd956d elementor-widget elementor-widget-heading\" data-id=\"4fd956d\" data-element_type=\"widget\" data-e-type=\"widget\" data-widget_type=\"heading.default\">\n\t\t\t\t\t<h2 class=\"elementor-heading-title elementor-size-default\">Obtenir la feuille de route essentielle du distributeur en mati\u00e8re d'innovation<\/h2>\t\t\t\t<\/div>\n\t\t\t\t<div class=\"elementor-element elementor-element-f99b83d elementor-widget elementor-widget-text-editor\" data-id=\"f99b83d\" data-element_type=\"widget\" data-e-type=\"widget\" data-widget_type=\"text-editor.default\">\n\t\t\t\t\t\t\t\t\t<p>La National Association of Wholesaler-Distributors (NAW) a publi\u00e9 sa derni\u00e8re \u00e9tude de recherche r\u00e9volutionnaire, \"Innovate to Dominate : La 12e \u00e9dition de la s\u00e9rie Facing the Forces of Change\u00ae\". Depuis sa cr\u00e9ation en 1982, la s\u00e9rie respect\u00e9e \"Facing the Forces of Change\" de NAW continue \u00e0 fournir des informations sur l'avenir global de la distribution en gros et sur le r\u00f4le des grossistes-distributeurs. D\u00e9j\u00e0 un best-seller, \"Innovate to Dominate\" est la feuille de route essentielle de chaque distributeur en mati\u00e8re d'innovation. L'objectif principal de cette \u00e9tude est d'aider les distributeurs \u00e0 faire le lien entre les forces du changement et l'innovation du mod\u00e8le commercial du distributeur. NAW est fier d'avoir PROS comme sponsor de sa 12\u00e8me \u00e9dition.<\/p>\t\t\t\t\t\t\t\t<\/div>\n\t\t\t\t<div class=\"elementor-element elementor-element-0ff4797 btn-yellow elementor-widget elementor-widget-button\" data-id=\"0ff4797\" data-element_type=\"widget\" data-e-type=\"widget\" data-widget_type=\"button.default\">\n\t\t\t\t\t\t\t\t\t\t<a class=\"elementor-button elementor-button-link elementor-size-sm\" href=\"https:\/\/www.naw.org\/product\/innovate-to-dominate-12-edition-of-facing-the-forces-of-change-series\/\" target=\"_blank\">\n\t\t\t\t\t\t<span class=\"elementor-button-content-wrapper\">\n\t\t\t\t\t\t\t\t\t<span class=\"elementor-button-text\">Acheter le livre <\/span>\n\t\t\t\t\t<\/span>\n\t\t\t\t\t<\/a>\n\t\t\t\t\t\t\t\t<\/div>\n\t\t\t\t\t<\/div>\n\t\t<\/div>\n\t\t\t\t\t<\/div>\n\t\t<\/section>\n\t\t\t\t<section class=\"elementor-section elementor-top-section elementor-element elementor-element-19b6c5b elementor-section-boxed elementor-section-height-default elementor-section-height-default\" data-id=\"19b6c5b\" data-element_type=\"section\" data-e-type=\"section\" data-settings=\"{&quot;background_background&quot;:&quot;classic&quot;}\">\n\t\t\t\t\t\t<div class=\"elementor-container elementor-column-gap-default\">\n\t\t\t\t\t<div class=\"elementor-column elementor-col-66 elementor-top-column elementor-element elementor-element-186db4a\" data-id=\"186db4a\" data-element_type=\"column\" data-e-type=\"column\">\n\t\t\t<div class=\"elementor-widget-wrap elementor-element-populated\">\n\t\t\t\t\t\t<div class=\"elementor-element elementor-element-225cc64 elementor-widget elementor-widget-heading\" data-id=\"225cc64\" data-element_type=\"widget\" data-e-type=\"widget\" data-widget_type=\"heading.default\">\n\t\t\t\t\t<h2 class=\"elementor-heading-title elementor-size-default\">\u00c0 propos de NAW<\/h2>\t\t\t\t<\/div>\n\t\t\t\t<div class=\"elementor-element elementor-element-1e409c4 elementor-widget elementor-widget-text-editor\" data-id=\"1e409c4\" data-element_type=\"widget\" data-e-type=\"widget\" data-widget_type=\"text-editor.default\">\n\t\t\t\t\t\t\t\t\t<p>La National Association of Wholesaler-Distributors (NAW) est compos\u00e9e de soci\u00e9t\u00e9s membres directes et d'une f\u00e9d\u00e9ration d'associations internationales, nationales, r\u00e9gionales, \u00e9tatiques et locales et de leurs soci\u00e9t\u00e9s membres, qui totalisent collectivement plus de 30 000 employeurs, implant\u00e9s dans les 50 \u00c9tats et le district de Columbia. Les entreprises affili\u00e9es \u00e0 la NAW constituent un groupe au c\u0153ur de notre \u00e9conomie - le maillon de la cha\u00eene de commercialisation entre les fabricants et les d\u00e9taillants, et les utilisateurs finaux commerciaux, institutionnels et gouvernementaux. Les entreprises du secteur sont de taille tr\u00e8s variable, emploient plus de 5,9 millions de travailleurs am\u00e9ricains et repr\u00e9sentent $6,01 billions d'euros d'activit\u00e9 \u00e9conomique annuelle aux \u00c9tats-Unis.<\/p>\t\t\t\t\t\t\t\t<\/div>\n\t\t\t\t<div class=\"elementor-element elementor-element-36c0521 btn-navy elementor-widget elementor-widget-button\" data-id=\"36c0521\" data-element_type=\"widget\" data-e-type=\"widget\" data-widget_type=\"button.default\">\n\t\t\t\t\t\t\t\t\t\t<a class=\"elementor-button elementor-button-link elementor-size-sm\" href=\"https:\/\/www.naw.org\/\" target=\"_blank\">\n\t\t\t\t\t\t<span class=\"elementor-button-content-wrapper\">\n\t\t\t\t\t\t\t\t\t<span class=\"elementor-button-text\">Site web de la NAW<\/span>\n\t\t\t\t\t<\/span>\n\t\t\t\t\t<\/a>\n\t\t\t\t\t\t\t\t<\/div>\n\t\t\t\t\t<\/div>\n\t\t<\/div>\n\t\t\t\t<div class=\"elementor-column elementor-col-33 elementor-top-column elementor-element elementor-element-c1eb31d\" data-id=\"c1eb31d\" data-element_type=\"column\" data-e-type=\"column\">\n\t\t\t<div class=\"elementor-widget-wrap elementor-element-populated\">\n\t\t\t\t\t\t<div class=\"elementor-element elementor-element-60b1db2 elementor-widget elementor-widget-heading\" data-id=\"60b1db2\" data-element_type=\"widget\" data-e-type=\"widget\" data-widget_type=\"heading.default\">\n\t\t\t\t\t<h2 class=\"elementor-heading-title elementor-size-default\">\u00c0 propos de PROS\n<\/h2>\t\t\t\t<\/div>\n\t\t\t\t<div class=\"elementor-element elementor-element-627efb8 elementor-widget elementor-widget-text-editor\" data-id=\"627efb8\" data-element_type=\"widget\" data-e-type=\"widget\" data-widget_type=\"text-editor.default\">\n\t\t\t\t\t\t\t\t\t<p>PROS Holdings, Inc. (NYSE : PRO) fournit des solutions aliment\u00e9es par l'IA qui optimisent la vente dans l'\u00e9conomie num\u00e9rique. Les solutions de PROS permettent aux entreprises de fixer les prix, de configurer et de vendre leurs produits et services dans un environnement omnicanal avec rapidit\u00e9, pr\u00e9cision et coh\u00e9rence. Nos clients, qui sont des leaders sur leurs march\u00e9s, b\u00e9n\u00e9ficient de d\u00e9cennies d'expertise en science des donn\u00e9es infus\u00e9es dans nos solutions sectorielles.<\/p>\t\t\t\t\t\t\t\t<\/div>\n\t\t\t\t\t<\/div>\n\t\t<\/div>\n\t\t\t\t\t<\/div>\n\t\t<\/section>\n\t\t\t\t<\/div>","protected":false},"excerpt":{"rendered":"<p>NAW and PROS Partnership NAW and PROS are partnering to provide wholesaler-distributors with essential tools to help their digital transformation journey. Through a series of webinars, podcasts, and NAW\u2019s \u201cInnovate to Dominate\u201d research study itself, we look forward to outlining the roadmap for distributors to create B2B innovation and get ahead of the increasingly disruptive [&hellip;]<\/p>\n","protected":false},"author":11,"featured_media":0,"parent":0,"menu_order":0,"comment_status":"closed","ping_status":"closed","template":"","meta":{"_acf_changed":false,"inline_featured_image":false,"footnotes":""},"class_list":["post-63365","page","type-page","status-publish","hentry"],"acf":[],"yoast_head":"<!-- This site is optimized with the Yoast SEO Premium plugin v26.7 (Yoast SEO v27.5) - https:\/\/yoast.com\/product\/yoast-seo-premium-wordpress\/ -->\n<title>NAW Partnership | PROS B2B<\/title>\n<meta name=\"robots\" content=\"index, follow, max-snippet:-1, max-image-preview:large, max-video-preview:-1\" \/>\n<link rel=\"canonical\" href=\"https:\/\/pros.com\/b2b\/fr\/naw-partnership\/\" \/>\n<meta property=\"og:locale\" content=\"fr_FR\" \/>\n<meta property=\"og:type\" content=\"article\" \/>\n<meta property=\"og:title\" content=\"NAW Partnership\" \/>\n<meta property=\"og:description\" content=\"NAW and PROS Partnership NAW and PROS are partnering to provide wholesaler-distributors with essential tools to help their digital transformation journey. Through a series of webinars, podcasts, and NAW\u2019s \u201cInnovate to Dominate\u201d research study itself, we look forward to outlining the roadmap for distributors to create B2B innovation and get ahead of the increasingly disruptive [&hellip;]\" \/>\n<meta property=\"og:url\" content=\"https:\/\/pros.com\/b2b\/fr\/naw-partnership\/\" \/>\n<meta property=\"og:site_name\" content=\"PROS B2B\" \/>\n<meta property=\"article:publisher\" content=\"https:\/\/www.facebook.com\/PROSInc\" \/>\n<meta property=\"article:modified_time\" content=\"2025-08-21T08:51:11+00:00\" \/>\n<meta property=\"og:image\" content=\"https:\/\/pros.com\/b2b\/\/wp-content\/uploads\/2025\/04\/NAW-PROS-logos.png\" \/>\n<meta name=\"twitter:card\" content=\"summary_large_image\" \/>\n<meta name=\"twitter:site\" content=\"@PROS_Inc\" \/>\n<script type=\"application\/ld+json\" class=\"yoast-schema-graph\">{\"@context\":\"https:\\\/\\\/schema.org\",\"@graph\":[{\"@type\":\"WebPage\",\"@id\":\"https:\\\/\\\/pros.com\\\/b2b\\\/naw-partnership\\\/\",\"url\":\"https:\\\/\\\/pros.com\\\/b2b\\\/naw-partnership\\\/\",\"name\":\"NAW Partnership | PROS B2B\",\"isPartOf\":{\"@id\":\"https:\\\/\\\/pros.com\\\/b2b\\\/#website\"},\"primaryImageOfPage\":{\"@id\":\"https:\\\/\\\/pros.com\\\/b2b\\\/naw-partnership\\\/#primaryimage\"},\"image\":{\"@id\":\"https:\\\/\\\/pros.com\\\/b2b\\\/naw-partnership\\\/#primaryimage\"},\"thumbnailUrl\":\"https:\\\/\\\/pros.com\\\/b2b\\\/\\\/wp-content\\\/uploads\\\/2025\\\/04\\\/NAW-PROS-logos.png\",\"datePublished\":\"2025-04-23T14:21:42+00:00\",\"dateModified\":\"2025-08-21T08:51:11+00:00\",\"breadcrumb\":{\"@id\":\"https:\\\/\\\/pros.com\\\/b2b\\\/naw-partnership\\\/#breadcrumb\"},\"inLanguage\":\"fr-FR\",\"potentialAction\":[{\"@type\":\"ReadAction\",\"target\":[\"https:\\\/\\\/pros.com\\\/b2b\\\/naw-partnership\\\/\"]}]},{\"@type\":\"ImageObject\",\"inLanguage\":\"fr-FR\",\"@id\":\"https:\\\/\\\/pros.com\\\/b2b\\\/naw-partnership\\\/#primaryimage\",\"url\":\"https:\\\/\\\/pros.com\\\/b2b\\\/\\\/wp-content\\\/uploads\\\/2025\\\/04\\\/NAW-PROS-logos.png\",\"contentUrl\":\"https:\\\/\\\/pros.com\\\/b2b\\\/\\\/wp-content\\\/uploads\\\/2025\\\/04\\\/NAW-PROS-logos.png\"},{\"@type\":\"BreadcrumbList\",\"@id\":\"https:\\\/\\\/pros.com\\\/b2b\\\/naw-partnership\\\/#breadcrumb\",\"itemListElement\":[{\"@type\":\"ListItem\",\"position\":1,\"name\":\"Home\",\"item\":\"https:\\\/\\\/pros.com\\\/b2b\\\/\"},{\"@type\":\"ListItem\",\"position\":2,\"name\":\"NAW Partnership\"}]},{\"@type\":\"WebSite\",\"@id\":\"https:\\\/\\\/pros.com\\\/b2b\\\/#website\",\"url\":\"https:\\\/\\\/pros.com\\\/b2b\\\/\",\"name\":\"PROS\",\"description\":\"AI-Powered CPQ, Dynamic Pricing, &amp; Revenue Software\",\"publisher\":{\"@id\":\"https:\\\/\\\/pros.com\\\/b2b\\\/#organization\"},\"potentialAction\":[{\"@type\":\"SearchAction\",\"target\":{\"@type\":\"EntryPoint\",\"urlTemplate\":\"https:\\\/\\\/pros.com\\\/b2b\\\/?s={search_term_string}\"},\"query-input\":{\"@type\":\"PropertyValueSpecification\",\"valueRequired\":true,\"valueName\":\"search_term_string\"}}],\"inLanguage\":\"fr-FR\"},{\"@type\":\"Organization\",\"@id\":\"https:\\\/\\\/pros.com\\\/b2b\\\/#organization\",\"name\":\"PROS, Inc.\",\"url\":\"https:\\\/\\\/pros.com\\\/b2b\\\/\",\"logo\":{\"@type\":\"ImageObject\",\"inLanguage\":\"fr-FR\",\"@id\":\"https:\\\/\\\/pros.com\\\/b2b\\\/#\\\/schema\\\/logo\\\/image\\\/\",\"url\":\"https:\\\/\\\/pros.com\\\/b2b\\\/\\\/wp-content\\\/uploads\\\/2025\\\/04\\\/Pros-logo-1.png\",\"contentUrl\":\"https:\\\/\\\/pros.com\\\/b2b\\\/\\\/wp-content\\\/uploads\\\/2025\\\/04\\\/Pros-logo-1.png\",\"width\":262,\"height\":75,\"caption\":\"PROS, Inc.\"},\"image\":{\"@id\":\"https:\\\/\\\/pros.com\\\/b2b\\\/#\\\/schema\\\/logo\\\/image\\\/\"},\"sameAs\":[\"https:\\\/\\\/www.facebook.com\\\/PROSInc\",\"https:\\\/\\\/x.com\\\/PROS_Inc\",\"https:\\\/\\\/www.instagram.com\\\/pros.inc\\\/\",\"https:\\\/\\\/www.linkedin.com\\\/company\\\/pros\\\/\",\"https:\\\/\\\/www.youtube.com\\\/user\\\/PROSpricing\"]}]}<\/script>\n<!-- \/ Yoast SEO Premium plugin. -->","yoast_head_json":{"title":"Partenariat NAW | PROS B2B","robots":{"index":"index","follow":"follow","max-snippet":"max-snippet:-1","max-image-preview":"max-image-preview:large","max-video-preview":"max-video-preview:-1"},"canonical":"https:\/\/pros.com\/b2b\/fr\/naw-partnership\/","og_locale":"fr_FR","og_type":"article","og_title":"NAW Partnership","og_description":"NAW and PROS Partnership NAW and PROS are partnering to provide wholesaler-distributors with essential tools to help their digital transformation journey. Through a series of webinars, podcasts, and NAW\u2019s \u201cInnovate to Dominate\u201d research study itself, we look forward to outlining the roadmap for distributors to create B2B innovation and get ahead of the increasingly disruptive [&hellip;]","og_url":"https:\/\/pros.com\/b2b\/fr\/naw-partnership\/","og_site_name":"PROS B2B","article_publisher":"https:\/\/www.facebook.com\/PROSInc","article_modified_time":"2025-08-21T08:51:11+00:00","og_image":[{"url":"https:\/\/pros.com\/b2b\/\/wp-content\/uploads\/2025\/04\/NAW-PROS-logos.png","type":"","width":"","height":""}],"twitter_card":"summary_large_image","twitter_site":"@PROS_Inc","schema":{"@context":"https:\/\/schema.org","@graph":[{"@type":"WebPage","@id":"https:\/\/pros.com\/b2b\/naw-partnership\/","url":"https:\/\/pros.com\/b2b\/naw-partnership\/","name":"Partenariat NAW | PROS B2B","isPartOf":{"@id":"https:\/\/pros.com\/b2b\/#website"},"primaryImageOfPage":{"@id":"https:\/\/pros.com\/b2b\/naw-partnership\/#primaryimage"},"image":{"@id":"https:\/\/pros.com\/b2b\/naw-partnership\/#primaryimage"},"thumbnailUrl":"https:\/\/pros.com\/b2b\/\/wp-content\/uploads\/2025\/04\/NAW-PROS-logos.png","datePublished":"2025-04-23T14:21:42+00:00","dateModified":"2025-08-21T08:51:11+00:00","breadcrumb":{"@id":"https:\/\/pros.com\/b2b\/naw-partnership\/#breadcrumb"},"inLanguage":"fr-FR","potentialAction":[{"@type":"ReadAction","target":["https:\/\/pros.com\/b2b\/naw-partnership\/"]}]},{"@type":"ImageObject","inLanguage":"fr-FR","@id":"https:\/\/pros.com\/b2b\/naw-partnership\/#primaryimage","url":"https:\/\/pros.com\/b2b\/\/wp-content\/uploads\/2025\/04\/NAW-PROS-logos.png","contentUrl":"https:\/\/pros.com\/b2b\/\/wp-content\/uploads\/2025\/04\/NAW-PROS-logos.png"},{"@type":"BreadcrumbList","@id":"https:\/\/pros.com\/b2b\/naw-partnership\/#breadcrumb","itemListElement":[{"@type":"ListItem","position":1,"name":"Home","item":"https:\/\/pros.com\/b2b\/"},{"@type":"ListItem","position":2,"name":"NAW Partnership"}]},{"@type":"WebSite","@id":"https:\/\/pros.com\/b2b\/#website","url":"https:\/\/pros.com\/b2b\/","name":"PROS","description":"Logiciel de CPQ, de tarification dynamique et de chiffre d'affaires aliment\u00e9 par l'IA","publisher":{"@id":"https:\/\/pros.com\/b2b\/#organization"},"potentialAction":[{"@type":"SearchAction","target":{"@type":"EntryPoint","urlTemplate":"https:\/\/pros.com\/b2b\/?s={search_term_string}"},"query-input":{"@type":"PropertyValueSpecification","valueRequired":true,"valueName":"search_term_string"}}],"inLanguage":"fr-FR"},{"@type":"Organization","@id":"https:\/\/pros.com\/b2b\/#organization","name":"PROS, Inc.","url":"https:\/\/pros.com\/b2b\/","logo":{"@type":"ImageObject","inLanguage":"fr-FR","@id":"https:\/\/pros.com\/b2b\/#\/schema\/logo\/image\/","url":"https:\/\/pros.com\/b2b\/\/wp-content\/uploads\/2025\/04\/Pros-logo-1.png","contentUrl":"https:\/\/pros.com\/b2b\/\/wp-content\/uploads\/2025\/04\/Pros-logo-1.png","width":262,"height":75,"caption":"PROS, Inc."},"image":{"@id":"https:\/\/pros.com\/b2b\/#\/schema\/logo\/image\/"},"sameAs":["https:\/\/www.facebook.com\/PROSInc","https:\/\/x.com\/PROS_Inc","https:\/\/www.instagram.com\/pros.inc\/","https:\/\/www.linkedin.com\/company\/pros\/","https:\/\/www.youtube.com\/user\/PROSpricing"]}]}},"_links":{"self":[{"href":"https:\/\/pros.com\/b2b\/fr\/wp-json\/wp\/v2\/pages\/63365","targetHints":{"allow":["GET"]}}],"collection":[{"href":"https:\/\/pros.com\/b2b\/fr\/wp-json\/wp\/v2\/pages"}],"about":[{"href":"https:\/\/pros.com\/b2b\/fr\/wp-json\/wp\/v2\/types\/page"}],"author":[{"embeddable":true,"href":"https:\/\/pros.com\/b2b\/fr\/wp-json\/wp\/v2\/users\/11"}],"replies":[{"embeddable":true,"href":"https:\/\/pros.com\/b2b\/fr\/wp-json\/wp\/v2\/comments?post=63365"}],"version-history":[{"count":0,"href":"https:\/\/pros.com\/b2b\/fr\/wp-json\/wp\/v2\/pages\/63365\/revisions"}],"wp:attachment":[{"href":"https:\/\/pros.com\/b2b\/fr\/wp-json\/wp\/v2\/media?parent=63365"}],"curies":[{"name":"wp","href":"https:\/\/api.w.org\/{rel}","templated":true}]}}